{"id":1347,"date":"2024-02-28T12:39:28","date_gmt":"2024-02-28T11:39:28","guid":{"rendered":"http:\/\/legal-on-demand.de\/?page_id=1347"},"modified":"2024-03-14T22:20:29","modified_gmt":"2024-03-14T21:20:29","slug":"impressum","status":"publish","type":"page","link":"https:\/\/legal-on-demand.de\/en\/impressum\/","title":{"rendered":"Impressum"},"content":{"rendered":"<div data-elementor-type=\"wp-post\" data-elementor-id=\"1347\" class=\"elementor elementor-1347\">\n\t\t\t\t<div class=\"elementor-element elementor-element-564ceda e-flex e-con-boxed e-con e-parent\" data-id=\"564ceda\" data-element_type=\"container\" data-e-type=\"container\" data-settings=\"{&quot;background_background&quot;:&quot;classic&quot;}\">\n\t\t\t\t\t<div class=\"e-con-inner\">\n\t\t<div class=\"elementor-element elementor-element-b7201f1 e-con-full e-flex e-con e-child\" data-id=\"b7201f1\" data-element_type=\"container\" data-e-type=\"container\">\n\t\t\t\t<div class=\"elementor-element elementor-element-a3b2fe8 elementor-widget elementor-widget-heading\" data-id=\"a3b2fe8\" data-element_type=\"widget\" data-e-type=\"widget\" data-widget_type=\"heading.default\">\n\t\t\t\t<div class=\"elementor-widget-container\">\n\t\t\t\t\t<h1 class=\"elementor-heading-title elementor-size-default\">IMPRESSUM<\/h1>\t\t\t\t<\/div>\n\t\t\t\t<\/div>\n\t\t\t\t<\/div>\n\t\t\t\t\t<\/div>\n\t\t\t\t<\/div>\n\t\t<div class=\"elementor-element elementor-element-cee67dd e-flex e-con-boxed e-con e-parent\" data-id=\"cee67dd\" data-element_type=\"container\" data-e-type=\"container\">\n\t\t\t\t\t<div class=\"e-con-inner\">\n\t\t\t\t<div class=\"elementor-element elementor-element-374660d elementor-widget elementor-widget-text-editor\" data-id=\"374660d\" data-element_type=\"widget\" data-e-type=\"widget\" data-widget_type=\"text-editor.default\">\n\t\t\t\t<div class=\"elementor-widget-container\">\n\t\t\t\t\t\t\t\t\t<p><\/p>\n<p><b><u>Anbieter der Legal-on-Demand Website und der Social-Media-Auftritte (LinkedIn sowie Xing) ist:<\/u><\/b><\/p>\n<p>Legal on Demand, z.H. I.<span style=\"font-style: inherit; font-weight: inherit; text-align: var(--text-align); background-color: var(--ast-global-color-4); color: var(--ast-global-color-3);\">Nicolaus,&nbsp;<\/span><span style=\"font-style: inherit; font-weight: inherit; text-align: var(--text-align); background-color: var(--ast-global-color-4); color: var(--ast-global-color-3);\">Gellertstra\u00dfe 4,&nbsp;<\/span><span style=\"font-style: inherit; font-weight: inherit; text-align: var(--text-align); background-color: var(--ast-global-color-4); color: var(--ast-global-color-3);\">81925 M\u00fcnchen<\/span><\/p>\n<p>Telefon:&nbsp; &nbsp; &nbsp; &nbsp; <a href=\"tel: +491781887625\">+49 1781887625<\/a><\/p>\n<p>E-Mail:&nbsp; &nbsp;&nbsp;&nbsp;&nbsp;&nbsp;&nbsp;&nbsp; info@legal-on-demand.com<\/p>\n<p>Umsatzsteueridentifikationsnummer: auf Anfrage<\/p>\n<p><strong>&nbsp;<\/strong><strong style=\"font-style: inherit; text-align: var(--text-align); background-color: var(--ast-global-color-4); color: var(--ast-global-color-3);\">Zulassung\/Berufsbezeichnung\/Berufsrechtliche Regelungen<\/strong><\/p>\n<p>Soweit nicht anders angegeben, sind alle Rechtsanw\u00e4lte in der Bundesrepublik Deutschland zugelassen. Alle deutschen Rechtsanw\u00e4ltinnen und Rechtsanw\u00e4lte der Kanzlei haben die Berufsbezeichnung &#8222;Rechtsanwalt\/Rechtsanw\u00e4ltin&#8220; in der Bundesrepublik Deutschland verliehen bekommen. Sie geh\u00f6ren der Rechtsanwaltskammer ihres jeweiligen Standortes an, die als Aufsichtsbeh\u00f6rde f\u00fcr sie zust\u00e4ndig ist.<\/p>\n<p>Alle deutschen Rechtsanw\u00e4lte geh\u00f6ren der Rechtsanwaltskammer ihres jeweiligen Standortes an, hier vorliegend:&nbsp;<\/p>\n<p>M\u00fcnchen:&nbsp;<a href=\"https:\/\/rak-muenchen.de\/\">Rechtsanwaltskammer M\u00fcnchen<\/a><\/p>\n<p>Die ma\u00dfgeblichen berufsrechtlichen Regelungen sind die Bundesrechtsanwaltsordnung (BRAO), die Berufsordnung f\u00fcr Rechtsanw\u00e4lte (BORA), das Rechtsanwaltsverg\u00fctungsgesetz (RVG), die Fachanwaltsordnung, die Berufsregeln der Rechtsanw\u00e4lte der Europ\u00e4ischen Gemeinschaft, das Gesetz \u00fcber die T\u00e4tigkeit europ\u00e4ischer Rechtsanw\u00e4lte (EuRAG).<\/p>\n<p>Alle Regelungen sind abrufbar unter&nbsp;<a href=\"http:\/\/www.gesetze-im-internet.de\/\">http:\/\/www.gesetze-im-internet.de<\/a><\/p>\n<p><strong>Berufshaftpflichtversicherung<\/strong><\/p>\n<p>Die Berufshaftpflichtversicherung ist bei der: R+V Allgemeine Versicherung AG, Raiffeisenplatz 1, 65189 Wiesbaden (Police-Nummer: 40684345266410).<\/p>\n<p><strong>Verantwortliche Person f\u00fcr journalistisch-redaktionelle Inhalte<\/strong><\/p>\n<p>Verantwortliche Person f\u00fcr journalistisch-redaktionelle Inhalte im Rahmen der Website und Social-Media-Auftritte ist:<\/p>\n<p>I. Nicolaus,&nbsp;<span style=\"font-style: inherit; font-weight: inherit; text-align: var(--text-align); background-color: var(--ast-global-color-4); color: var(--ast-global-color-3);\">Gellertstra\u00dfe 4,&nbsp;<\/span><span style=\"font-style: inherit; font-weight: inherit; text-align: var(--text-align); background-color: var(--ast-global-color-4); color: var(--ast-global-color-3);\">81925 M\u00fcnchen<\/span><\/p>\n<p>Telefon:&nbsp; &nbsp; &nbsp; &nbsp;&nbsp;<a href=\"tel: +491781887625\">+49 1781887625<\/a><\/p>\n<p>E-Mail:&nbsp; &nbsp;&nbsp;&nbsp;&nbsp;&nbsp;&nbsp;&nbsp; <a href=\"mailto:info@legal-on-demand.com\">info@legal-on-demand.com<\/a><\/p>\n<p><strong>Modern Slavery Act<\/strong><\/p>\n<p>Auf das Statement gem\u00e4\u00df \u00a7 54 des Modern Slavery Act 2015 (UK) wird verwiesen.<\/p>\n<p><strong>Online-Streitbeilegungsplattform und Verbraucherstreitbeilegung:<\/strong><\/p>\n<p>Die Europ\u00e4ische Kommission stellt eine Plattform zur Online-Streitbeilegung bereit, die Sie unter&nbsp;<a href=\"http:\/\/ec.europa.eu\/consumers\/odr\/\">http:\/\/ec.europa.eu\/consumers\/odr\/<\/a>&nbsp;finden. Legal on Demand nimmt nicht an Streitbeilegungsverfahren vor einer Verbraucherschlichtungsstelle teil.<\/p>\n<p><strong>Bildquellennachweise<\/strong><\/p>\n<p>Auf der Website- und in den Social-Media-Auftritten werden Bilder, Videos und Grafiken von iStockphoto, Pixabay, Unsplash und&nbsp; Pexels verwendet.<\/p>\n<p><strong>Haftungshinweis<\/strong><\/p>\n<p>Trotz sorgf\u00e4ltiger inhaltlicher Kontrolle \u00fcbernehmen wir keine Haftung f\u00fcr die Inhalte externer Links. F\u00fcr den Inhalt der verlinkten Seiten sind ausschlie\u00dflich deren Betreiber verantwortlich. Die Informationen auf dieser Seite \u00fcber rechtliche Themen werden nur als eine allgemeine Anleitung bereitgestellt und dienen nicht als Ersatz f\u00fcr spezifische anwaltliche Beratung. Wir sind selbstverst\u00e4ndlich bem\u00fcht, s\u00e4mtliche Informationen auf dieser Website immer auf dem neuesten Stand zu halten, k\u00f6nnen Irrt\u00fcmer jedoch nicht g\u00e4nzlich ausschlie\u00dfen.<\/p>\n<p>Der Inhalt dieser Website ist urheberrechtlich gesch\u00fctzt.<\/p>\t\t\t\t\t\t\t\t<\/div>\n\t\t\t\t<\/div>\n\t\t\t\t\t<\/div>\n\t\t\t\t<\/div>\n\t\t\t\t<\/div>","protected":false},"excerpt":{"rendered":"<p>IMPRESSUM Anbieter der Legal-on-Demand Website und der Social-Media-Auftritte (LinkedIn sowie Xing) ist: Legal on Demand, z.H. I.Nicolaus,&nbsp;Gellertstra\u00dfe 4,&nbsp;81925 M\u00fcnchen Telefon:&nbsp; &nbsp; &nbsp; &nbsp; +49 1781887625 E-Mail:&nbsp; &nbsp;&nbsp;&nbsp;&nbsp;&nbsp;&nbsp;&nbsp; info@legal-on-demand.com Umsatzsteueridentifikationsnummer: auf Anfrage &nbsp;Zulassung\/Berufsbezeichnung\/Berufsrechtliche Regelungen Soweit nicht anders angegeben, sind alle Rechtsanw\u00e4lte in der Bundesrepublik Deutschland zugelassen. Alle deutschen Rechtsanw\u00e4ltinnen und Rechtsanw\u00e4lte der Kanzlei haben die Berufsbezeichnung [&hellip;]<\/p>","protected":false},"author":1,"featured_media":0,"parent":0,"menu_order":0,"comment_status":"closed","ping_status":"closed","template":"","meta":{"_uag_custom_page_level_css":"","site-sidebar-layout":"no-sidebar","site-content-layout":"page-builder","ast-site-content-layout":"full-width-container","site-content-style":"unboxed","site-sidebar-style":"unboxed","ast-global-header-display":"","ast-banner-title-visibility":"","ast-main-header-display":"","ast-hfb-above-header-display":"","ast-hfb-below-header-display":"","ast-hfb-mobile-header-display":"","site-post-title":"disabled","ast-breadcrumbs-content":"","ast-featured-img":"disabled","footer-sml-layout":"","theme-transparent-header-meta":"enabled","adv-header-id-meta":"","stick-header-meta":"","header-above-stick-meta":"","header-main-stick-meta":"","header-below-stick-meta":"","astra-migrate-meta-layouts":"set","ast-page-background-enabled":"default","ast-page-background-meta":{"desktop":{"background-color":"","background-image":"","background-repeat":"repeat","background-position":"center center","background-size":"auto","background-attachment":"scroll","background-type":"","background-media":"","overlay-type":"","overlay-color":"","overlay-gradient":""},"tablet":{"background-color":"","background-image":"","background-repeat":"repeat","background-position":"center center","background-size":"auto","background-attachment":"scroll","background-type":"","background-media":"","overlay-type":"","overlay-color":"","overlay-gradient":""},"mobile":{"background-color":"","background-image":"","background-repeat":"repeat","background-position":"center center","background-size":"auto","background-attachment":"scroll","background-type":"","background-media":"","overlay-type":"","overlay-color":"","overlay-gradient":""}},"ast-content-background-meta":{"desktop":{"background-color":"var(--ast-global-color-5)","background-image":"","background-repeat":"repeat","background-position":"center center","background-size":"auto","background-attachment":"scroll","background-type":"","background-media":"","overlay-type":"","overlay-color":"","overlay-gradient":""},"tablet":{"background-color":"var(--ast-global-color-5)","background-image":"","background-repeat":"repeat","background-position":"center center","background-size":"auto","background-attachment":"scroll","background-type":"","background-media":"","overlay-type":"","overlay-color":"","overlay-gradient":""},"mobile":{"background-color":"var(--ast-global-color-5)","background-image":"","background-repeat":"repeat","background-position":"center center","background-size":"auto","background-attachment":"scroll","background-type":"","background-media":"","overlay-type":"","overlay-color":"","overlay-gradient":""}},"footnotes":""},"class_list":["post-1347","page","type-page","status-publish","hentry"],"yoast_head":"<!-- This site is optimized with the Yoast SEO plugin v27.6 - https:\/\/yoast.com\/product\/yoast-seo-wordpress\/ -->\n<title>Impressum - Legal on Demand: Ihre externe Rechtsabteilung<\/title>\n<meta name=\"description\" content=\"Wir freuen uns \u00fcber Ihr Interesse. Erfahren Sie mehr \u00fcber uns und kontaktieren Sie uns gern.\" \/>\n<meta name=\"robots\" content=\"index, follow, max-snippet:-1, max-image-preview:large, max-video-preview:-1\" \/>\n<link rel=\"canonical\" href=\"http:\/\/legal-on-demand.de\/en\/impressum\/\" \/>\n<meta property=\"og:locale\" content=\"en_US\" \/>\n<meta property=\"og:type\" content=\"article\" \/>\n<meta property=\"og:title\" content=\"Impressum - Legal on Demand: Ihre externe Rechtsabteilung\" \/>\n<meta property=\"og:description\" content=\"Wir freuen uns \u00fcber Ihr Interesse. Erfahren Sie mehr \u00fcber uns und kontaktieren Sie uns gern.\" \/>\n<meta property=\"og:url\" content=\"http:\/\/legal-on-demand.de\/en\/impressum\/\" \/>\n<meta property=\"og:site_name\" content=\"Legal on Demand: Ihre externe Rechtsabteilung\" \/>\n<meta property=\"article:modified_time\" content=\"2024-03-14T21:20:29+00:00\" \/>\n<meta name=\"twitter:card\" content=\"summary_large_image\" \/>\n<meta name=\"twitter:label1\" content=\"Est. reading time\" \/>\n\t<meta name=\"twitter:data1\" content=\"2 minutes\" \/>\n<script type=\"application\/ld+json\" class=\"yoast-schema-graph\">{\"@context\":\"https:\\\/\\\/schema.org\",\"@graph\":[{\"@type\":\"WebPage\",\"@id\":\"http:\\\/\\\/legal-on-demand.de\\\/impressum\\\/\",\"url\":\"http:\\\/\\\/legal-on-demand.de\\\/impressum\\\/\",\"name\":\"Impressum - Legal on Demand: Ihre externe Rechtsabteilung\",\"isPartOf\":{\"@id\":\"https:\\\/\\\/legal-on-demand.de\\\/#website\"},\"datePublished\":\"2024-02-28T11:39:28+00:00\",\"dateModified\":\"2024-03-14T21:20:29+00:00\",\"description\":\"Wir freuen uns \u00fcber Ihr Interesse. Erfahren Sie mehr \u00fcber uns und kontaktieren Sie uns gern.\",\"breadcrumb\":{\"@id\":\"http:\\\/\\\/legal-on-demand.de\\\/impressum\\\/#breadcrumb\"},\"inLanguage\":\"en-US\",\"potentialAction\":[{\"@type\":\"ReadAction\",\"target\":[\"http:\\\/\\\/legal-on-demand.de\\\/impressum\\\/\"]}]},{\"@type\":\"BreadcrumbList\",\"@id\":\"http:\\\/\\\/legal-on-demand.de\\\/impressum\\\/#breadcrumb\",\"itemListElement\":[{\"@type\":\"ListItem\",\"position\":1,\"name\":\"Startseite\",\"item\":\"https:\\\/\\\/legal-on-demand.de\\\/\"},{\"@type\":\"ListItem\",\"position\":2,\"name\":\"Impressum\"}]},{\"@type\":\"WebSite\",\"@id\":\"https:\\\/\\\/legal-on-demand.de\\\/#website\",\"url\":\"https:\\\/\\\/legal-on-demand.de\\\/\",\"name\":\"Legal on Demand: Ihre externe Rechtsabteilung\",\"description\":\"Legal on Demand bietet ma\u00dfgeschneiderte Rechtsberatung zum Festpreis. Lassen Sie sich beraten!\",\"publisher\":{\"@id\":\"https:\\\/\\\/legal-on-demand.de\\\/#organization\"},\"potentialAction\":[{\"@type\":\"SearchAction\",\"target\":{\"@type\":\"EntryPoint\",\"urlTemplate\":\"https:\\\/\\\/legal-on-demand.de\\\/?s={search_term_string}\"},\"query-input\":{\"@type\":\"PropertyValueSpecification\",\"valueRequired\":true,\"valueName\":\"search_term_string\"}}],\"inLanguage\":\"en-US\"},{\"@type\":\"Organization\",\"@id\":\"https:\\\/\\\/legal-on-demand.de\\\/#organization\",\"name\":\"Legal on Demand: Ihre externe Rechtsabteilung\",\"url\":\"https:\\\/\\\/legal-on-demand.de\\\/\",\"logo\":{\"@type\":\"ImageObject\",\"inLanguage\":\"en-US\",\"@id\":\"https:\\\/\\\/legal-on-demand.de\\\/#\\\/schema\\\/logo\\\/image\\\/\",\"url\":\"http:\\\/\\\/legal-on-demand.de\\\/wp-content\\\/uploads\\\/2024\\\/03\\\/Black-on-White.png\",\"contentUrl\":\"http:\\\/\\\/legal-on-demand.de\\\/wp-content\\\/uploads\\\/2024\\\/03\\\/Black-on-White.png\",\"width\":3000,\"height\":3000,\"caption\":\"Legal on Demand: Ihre externe Rechtsabteilung\"},\"image\":{\"@id\":\"https:\\\/\\\/legal-on-demand.de\\\/#\\\/schema\\\/logo\\\/image\\\/\"},\"sameAs\":[\"https:\\\/\\\/www.linkedin.com\\\/company\\\/legal-on-demand\\\/\"]}]}<\/script>\n<!-- \/ Yoast SEO plugin. -->","yoast_head_json":{"title":"Impressum - Legal on Demand: Ihre externe Rechtsabteilung","description":"Wir freuen uns \u00fcber Ihr Interesse. Erfahren Sie mehr \u00fcber uns und kontaktieren Sie uns gern.","robots":{"index":"index","follow":"follow","max-snippet":"max-snippet:-1","max-image-preview":"max-image-preview:large","max-video-preview":"max-video-preview:-1"},"canonical":"http:\/\/legal-on-demand.de\/en\/impressum\/","og_locale":"en_US","og_type":"article","og_title":"Impressum - Legal on Demand: Ihre externe Rechtsabteilung","og_description":"Wir freuen uns \u00fcber Ihr Interesse. Erfahren Sie mehr \u00fcber uns und kontaktieren Sie uns gern.","og_url":"http:\/\/legal-on-demand.de\/en\/impressum\/","og_site_name":"Legal on Demand: Ihre externe Rechtsabteilung","article_modified_time":"2024-03-14T21:20:29+00:00","twitter_card":"summary_large_image","twitter_misc":{"Est. reading time":"2 minutes"},"schema":{"@context":"https:\/\/schema.org","@graph":[{"@type":"WebPage","@id":"http:\/\/legal-on-demand.de\/impressum\/","url":"http:\/\/legal-on-demand.de\/impressum\/","name":"Impressum - Legal on Demand: Ihre externe Rechtsabteilung","isPartOf":{"@id":"https:\/\/legal-on-demand.de\/#website"},"datePublished":"2024-02-28T11:39:28+00:00","dateModified":"2024-03-14T21:20:29+00:00","description":"Wir freuen uns \u00fcber Ihr Interesse. Erfahren Sie mehr \u00fcber uns und kontaktieren Sie uns gern.","breadcrumb":{"@id":"http:\/\/legal-on-demand.de\/impressum\/#breadcrumb"},"inLanguage":"en-US","potentialAction":[{"@type":"ReadAction","target":["http:\/\/legal-on-demand.de\/impressum\/"]}]},{"@type":"BreadcrumbList","@id":"http:\/\/legal-on-demand.de\/impressum\/#breadcrumb","itemListElement":[{"@type":"ListItem","position":1,"name":"Startseite","item":"https:\/\/legal-on-demand.de\/"},{"@type":"ListItem","position":2,"name":"Impressum"}]},{"@type":"WebSite","@id":"https:\/\/legal-on-demand.de\/#website","url":"https:\/\/legal-on-demand.de\/","name":"Legal on Demand: Ihre externe Rechtsabteilung","description":"Legal on Demand bietet ma\u00dfgeschneiderte Rechtsberatung zum Festpreis. Lassen Sie sich beraten!","publisher":{"@id":"https:\/\/legal-on-demand.de\/#organization"},"potentialAction":[{"@type":"SearchAction","target":{"@type":"EntryPoint","urlTemplate":"https:\/\/legal-on-demand.de\/?s={search_term_string}"},"query-input":{"@type":"PropertyValueSpecification","valueRequired":true,"valueName":"search_term_string"}}],"inLanguage":"en-US"},{"@type":"Organization","@id":"https:\/\/legal-on-demand.de\/#organization","name":"Legal on Demand: Ihre externe Rechtsabteilung","url":"https:\/\/legal-on-demand.de\/","logo":{"@type":"ImageObject","inLanguage":"en-US","@id":"https:\/\/legal-on-demand.de\/#\/schema\/logo\/image\/","url":"http:\/\/legal-on-demand.de\/wp-content\/uploads\/2024\/03\/Black-on-White.png","contentUrl":"http:\/\/legal-on-demand.de\/wp-content\/uploads\/2024\/03\/Black-on-White.png","width":3000,"height":3000,"caption":"Legal on Demand: Ihre externe Rechtsabteilung"},"image":{"@id":"https:\/\/legal-on-demand.de\/#\/schema\/logo\/image\/"},"sameAs":["https:\/\/www.linkedin.com\/company\/legal-on-demand\/"]}]}},"uagb_featured_image_src":{"full":false,"thumbnail":false,"medium":false,"medium_large":false,"large":false,"1536x1536":false,"2048x2048":false,"trp-custom-language-flag":false},"uagb_author_info":{"display_name":"781140","author_link":"https:\/\/legal-on-demand.de\/en\/author\/781140\/"},"uagb_comment_info":0,"uagb_excerpt":"IMPRESSUM Anbieter der Legal-on-Demand Website und der Social-Media-Auftritte (LinkedIn sowie Xing) ist: Legal on Demand, z.H. I.Nicolaus,&nbsp;Gellertstra\u00dfe 4,&nbsp;81925 M\u00fcnchen Telefon:&nbsp; &nbsp; &nbsp; &nbsp; +49 1781887625 E-Mail:&nbsp; &nbsp;&nbsp;&nbsp;&nbsp;&nbsp;&nbsp;&nbsp; info@legal-on-demand.com Umsatzsteueridentifikationsnummer: auf Anfrage &nbsp;Zulassung\/Berufsbezeichnung\/Berufsrechtliche Regelungen Soweit nicht anders angegeben, sind alle Rechtsanw\u00e4lte in der Bundesrepublik Deutschland zugelassen. Alle deutschen Rechtsanw\u00e4ltinnen und Rechtsanw\u00e4lte der Kanzlei haben die Berufsbezeichnung&hellip;","_links":{"self":[{"href":"https:\/\/legal-on-demand.de\/en\/wp-json\/wp\/v2\/pages\/1347","targetHints":{"allow":["GET"]}}],"collection":[{"href":"https:\/\/legal-on-demand.de\/en\/wp-json\/wp\/v2\/pages"}],"about":[{"href":"https:\/\/legal-on-demand.de\/en\/wp-json\/wp\/v2\/types\/page"}],"author":[{"embeddable":true,"href":"https:\/\/legal-on-demand.de\/en\/wp-json\/wp\/v2\/users\/1"}],"replies":[{"embeddable":true,"href":"https:\/\/legal-on-demand.de\/en\/wp-json\/wp\/v2\/comments?post=1347"}],"version-history":[{"count":10,"href":"https:\/\/legal-on-demand.de\/en\/wp-json\/wp\/v2\/pages\/1347\/revisions"}],"predecessor-version":[{"id":3239,"href":"https:\/\/legal-on-demand.de\/en\/wp-json\/wp\/v2\/pages\/1347\/revisions\/3239"}],"wp:attachment":[{"href":"https:\/\/legal-on-demand.de\/en\/wp-json\/wp\/v2\/media?parent=1347"}],"curies":[{"name":"wp","href":"https:\/\/api.w.org\/{rel}","templated":true}]}}