{"id":547,"date":"2018-11-26T12:45:57","date_gmt":"2018-11-26T12:45:57","guid":{"rendered":"http:\/\/legal-on-demand.de\/about\/"},"modified":"2024-03-20T16:55:51","modified_gmt":"2024-03-20T15:55:51","slug":"ueber-legal-on-demand-die-externe-rechtsabteilung-fuer-die-it-branche","status":"publish","type":"page","link":"https:\/\/legal-on-demand.de\/en\/ueber-legal-on-demand-die-externe-rechtsabteilung-fuer-die-it-branche\/","title":{"rendered":"\u00dcber"},"content":{"rendered":"<div data-elementor-type=\"wp-post\" data-elementor-id=\"547\" class=\"elementor elementor-547\">\n\t\t\t\t<div class=\"elementor-element elementor-element-661fcc5 e-flex e-con-boxed e-con e-parent\" data-id=\"661fcc5\" data-element_type=\"container\" data-e-type=\"container\" data-settings=\"{&quot;background_background&quot;:&quot;classic&quot;}\">\n\t\t\t\t\t<div class=\"e-con-inner\">\n\t\t<div class=\"elementor-element elementor-element-6879a86 e-con-full e-flex e-con e-child\" data-id=\"6879a86\" data-element_type=\"container\" data-e-type=\"container\">\n\t\t\t\t<div class=\"elementor-element elementor-element-05d7341 elementor-widget elementor-widget-heading\" data-id=\"05d7341\" data-element_type=\"widget\" data-e-type=\"widget\" data-widget_type=\"heading.default\">\n\t\t\t\t<div class=\"elementor-widget-container\">\n\t\t\t\t\t<h1 class=\"elementor-heading-title elementor-size-default\">Unsere VISION<\/h1>\t\t\t\t<\/div>\n\t\t\t\t<\/div>\n\t\t\t\t<div class=\"elementor-element elementor-element-6db5aaa elementor-widget elementor-widget-spacer\" data-id=\"6db5aaa\" data-element_type=\"widget\" data-e-type=\"widget\" data-widget_type=\"spacer.default\">\n\t\t\t\t<div class=\"elementor-widget-container\">\n\t\t\t\t\t\t\t<div class=\"elementor-spacer\">\n\t\t\t<div class=\"elementor-spacer-inner\"><\/div>\n\t\t<\/div>\n\t\t\t\t\t\t<\/div>\n\t\t\t\t<\/div>\n\t\t\t\t<\/div>\n\t\t\t\t\t<\/div>\n\t\t\t\t<\/div>\n\t\t<div class=\"elementor-element elementor-element-af5ed63 e-flex e-con-boxed e-con e-parent\" data-id=\"af5ed63\" data-element_type=\"container\" data-e-type=\"container\" data-settings=\"{&quot;background_background&quot;:&quot;classic&quot;}\">\n\t\t\t\t\t<div class=\"e-con-inner\">\n\t\t<div class=\"elementor-element elementor-element-70f9cbe e-con-full e-flex e-con e-child\" data-id=\"70f9cbe\" data-element_type=\"container\" data-e-type=\"container\">\n\t\t\t\t<div class=\"elementor-element elementor-element-89bc64a elementor-widget elementor-widget-heading\" data-id=\"89bc64a\" data-element_type=\"widget\" data-e-type=\"widget\" data-widget_type=\"heading.default\">\n\t\t\t\t<div class=\"elementor-widget-container\">\n\t\t\t\t\t<h5 class=\"elementor-heading-title elementor-size-default\">Legal on Demand als Ihre externe Rechtsabteilung\n<\/h5>\t\t\t\t<\/div>\n\t\t\t\t<\/div>\n\t\t\t\t<div class=\"elementor-element elementor-element-d1ed63f elementor-widget-divider--view-line elementor-widget elementor-widget-divider\" data-id=\"d1ed63f\" data-element_type=\"widget\" data-e-type=\"widget\" data-widget_type=\"divider.default\">\n\t\t\t\t<div class=\"elementor-widget-container\">\n\t\t\t\t\t\t\t<div class=\"elementor-divider\">\n\t\t\t<span class=\"elementor-divider-separator\">\n\t\t\t\t\t\t<\/span>\n\t\t<\/div>\n\t\t\t\t\t\t<\/div>\n\t\t\t\t<\/div>\n\t\t\t\t<div class=\"elementor-element elementor-element-35f6959 elementor-widget elementor-widget-heading\" data-id=\"35f6959\" data-element_type=\"widget\" data-e-type=\"widget\" data-widget_type=\"heading.default\">\n\t\t\t\t<div class=\"elementor-widget-container\">\n\t\t\t\t\t<h2 class=\"elementor-heading-title elementor-size-default\">Zuverl\u00e4ssig an Ihrer Seite, stets pragmatisch und nah am Business. <\/h2>\t\t\t\t<\/div>\n\t\t\t\t<\/div>\n\t\t\t\t<div class=\"elementor-element elementor-element-de682e6 elementor-widget elementor-widget-image\" data-id=\"de682e6\" data-element_type=\"widget\" data-e-type=\"widget\" data-widget_type=\"image.default\">\n\t\t\t\t<div class=\"elementor-widget-container\">\n\t\t\t\t\t\t\t\t\t\t\t\t\t\t\t<img decoding=\"async\" src=\"https:\/\/legal-on-demand.de\/wp-content\/uploads\/2024\/03\/iStock-1031329664.jpg\" title=\"robotic hydraulic arm\" alt=\"robotic hydraulic arm\" loading=\"lazy\" \/>\t\t\t\t\t\t\t\t\t\t\t\t\t\t\t<\/div>\n\t\t\t\t<\/div>\n\t\t\t\t<div class=\"elementor-element elementor-element-5696512 elementor-widget elementor-widget-spacer\" data-id=\"5696512\" data-element_type=\"widget\" data-e-type=\"widget\" data-widget_type=\"spacer.default\">\n\t\t\t\t<div class=\"elementor-widget-container\">\n\t\t\t\t\t\t\t<div class=\"elementor-spacer\">\n\t\t\t<div class=\"elementor-spacer-inner\"><\/div>\n\t\t<\/div>\n\t\t\t\t\t\t<\/div>\n\t\t\t\t<\/div>\n\t\t\t\t<div class=\"elementor-element elementor-element-b865b26 elementor-widget elementor-widget-heading\" data-id=\"b865b26\" data-element_type=\"widget\" data-e-type=\"widget\" data-widget_type=\"heading.default\">\n\t\t\t\t<div class=\"elementor-widget-container\">\n\t\t\t\t\t<h3 class=\"elementor-heading-title elementor-size-default\">\"Wir schreiben keine Doktorarbeiten, sondern finden f\u00fcr Sie pragmatische und businessnahe L\u00f6sungen.&nbsp;Wir verstehen uns als Generalisten, die Sie im t\u00e4glichen Doing unterst\u00fctzen.\"<\/h3>\t\t\t\t<\/div>\n\t\t\t\t<\/div>\n\t\t\t\t<div class=\"elementor-element elementor-element-e7bfe94 elementor-widget elementor-widget-spacer\" data-id=\"e7bfe94\" data-element_type=\"widget\" data-e-type=\"widget\" data-widget_type=\"spacer.default\">\n\t\t\t\t<div class=\"elementor-widget-container\">\n\t\t\t\t\t\t\t<div class=\"elementor-spacer\">\n\t\t\t<div class=\"elementor-spacer-inner\"><\/div>\n\t\t<\/div>\n\t\t\t\t\t\t<\/div>\n\t\t\t\t<\/div>\n\t\t\t\t<\/div>\n\t\t<div class=\"elementor-element elementor-element-b486ea1 e-con-full e-flex e-con e-child\" data-id=\"b486ea1\" data-element_type=\"container\" data-e-type=\"container\">\n\t\t\t\t<div class=\"elementor-element elementor-element-6f4b0c8 elementor-widget elementor-widget-text-editor\" data-id=\"6f4b0c8\" data-element_type=\"widget\" data-e-type=\"widget\" data-widget_type=\"text-editor.default\">\n\t\t\t\t<div class=\"elementor-widget-container\">\n\t\t\t\t\t\t\t\t\t<p>Legal on Demand wurde Ende 2023 in M\u00fcnchen gegr\u00fcndet:<\/p>\t\t\t\t\t\t\t\t<\/div>\n\t\t\t\t<\/div>\n\t\t\t\t<div class=\"elementor-element elementor-element-64fc89a elementor-widget elementor-widget-testimonial\" data-id=\"64fc89a\" data-element_type=\"widget\" data-e-type=\"widget\" data-widget_type=\"testimonial.default\">\n\t\t\t\t<div class=\"elementor-widget-container\">\n\t\t\t\t\t\t\t<div class=\"elementor-testimonial-wrapper\">\n\t\t\t\t\t\t\t<div class=\"elementor-testimonial-content\">\"Als ehemalige Leiterin einer Rechtsabteilung stand ich oft vor einem Dilemma: Ich ben\u00f6tigte dringend einen Legal Counsel mit Erfahrung, jedoch nur f\u00fcr maximal 2 Tage pro Woche. Das Finden eines erfahrenen Inhouse-Juristen in Teilzeit war schlicht unm\u00f6glich. Zugleich waren klassische Kanzleien f\u00fcr eine regelm\u00e4\u00dfige Vertragspr\u00fcfung in diesem Umfang einfach zu kostspielig. Um die L\u00fccke zu f\u00fcllen, mussten mein Team und ich uns mittelfristig mit Mehrarbeit behelfen. Das war ziemlich unzufriedenstellend.\"<\/div>\n\t\t\t\n\t\t\t\t\t\t<div class=\"elementor-testimonial-meta elementor-has-image elementor-testimonial-image-position-aside\">\n\t\t\t\t<div class=\"elementor-testimonial-meta-inner\">\n\t\t\t\t\t\t\t\t\t\t\t<div class=\"elementor-testimonial-image\">\n\t\t\t\t\t\t\t<img decoding=\"async\" width=\"187\" height=\"196\" src=\"https:\/\/legal-on-demand.de\/wp-content\/uploads\/2024\/02\/FOTO.jpg\" class=\"attachment-full size-full wp-image-1605\" alt=\"\" \/>\t\t\t\t\t\t<\/div>\n\t\t\t\t\t\n\t\t\t\t\t\t\t\t\t\t<div class=\"elementor-testimonial-details\">\n\t\t\t\t\t\t\t\t\t\t\t\t\t\t<div class=\"elementor-testimonial-name\">I. Nicolaus<\/div>\n\t\t\t\t\t\t\t\t\t\t\t\t\t\t\t\t\t\t\t\t\t\t<div class=\"elementor-testimonial-job\">Gr\u00fcnderin Legal on Demand<\/div>\n\t\t\t\t\t\t\t\t\t\t\t\t\t<\/div>\n\t\t\t\t\t\t\t\t\t<\/div>\n\t\t\t<\/div>\n\t\t\t\t\t<\/div>\n\t\t\t\t\t\t<\/div>\n\t\t\t\t<\/div>\n\t\t\t\t<div class=\"elementor-element elementor-element-12a9923 elementor-widget elementor-widget-text-editor\" data-id=\"12a9923\" data-element_type=\"widget\" data-e-type=\"widget\" data-widget_type=\"text-editor.default\">\n\t\t\t\t<div class=\"elementor-widget-container\">\n\t\t\t\t\t\t\t\t\t<p><span style=\"font-style: inherit; font-weight: inherit; background-color: var(--ast-global-color-4); color: var(--ast-global-color-3);\">So ist die erste Idee von Legal on Demand entstanden.\u00a0<\/span><span style=\"background-color: var(--ast-global-color-4); color: var(--ast-global-color-3); font-style: inherit; font-weight: inherit;\">Ein befreundeter Gesch\u00e4ftsf\u00fchrer machte zudem auf eine weitere L\u00fccke aufmerksam:\u00a0<\/span><\/p>\t\t\t\t\t\t\t\t<\/div>\n\t\t\t\t<\/div>\n\t\t\t\t<div class=\"elementor-element elementor-element-5586fff elementor-widget elementor-widget-testimonial\" data-id=\"5586fff\" data-element_type=\"widget\" data-e-type=\"widget\" data-widget_type=\"testimonial.default\">\n\t\t\t\t<div class=\"elementor-widget-container\">\n\t\t\t\t\t\t\t<div class=\"elementor-testimonial-wrapper\">\n\t\t\t\t\t\t\t<div class=\"elementor-testimonial-content\">\"Ich leite ein mittelst\u00e4ndisches Unternehmen und m\u00f6chte mein Admin-Team klein halten. Wir ben\u00f6tigen keine Vollzeit-Rechtsabteilung als zus\u00e4tzlichen Kostenfaktor. Trotzdem w\u00e4re es sinnvoll, meine Sales-Abteilung und Contract Manager bei Vertragspr\u00fcfungen st\u00e4rker zu entlasten, damit diese sich sinnvoll auf Ihre Kernt\u00e4tigkeit - die Kundenbetreuung und Akquise - konzentrieren k\u00f6nnen.\"<\/div>\n\t\t\t\n\t\t\t\t\t<\/div>\n\t\t\t\t\t\t<\/div>\n\t\t\t\t<\/div>\n\t\t\t\t<div class=\"elementor-element elementor-element-869e2d2 elementor-widget elementor-widget-text-editor\" data-id=\"869e2d2\" data-element_type=\"widget\" data-e-type=\"widget\" data-widget_type=\"text-editor.default\">\n\t\t\t\t<div class=\"elementor-widget-container\">\n\t\t\t\t\t\t\t\t\t<p>Legal on Demand schlie\u00dft diese L\u00fccken. Wir bieten Ihnen regelm\u00e4\u00dfige Beratung durch ehemalige Legal Counsels, die mindestens 5 Jahre Inhouse-Erfahrung vorweisen k\u00f6nnen. Diese Experten stehen f\u00fcr Sie im vorab mit Ihnen definierten Zeitumfang wie eine interne Rechtsabteilung zur Verf\u00fcgung. Ihre Kosten sind dabei transparent und planbar. Im Vergleich zu einem klassischen Secondment durch eine Kanzlei ist ein Vorteil von Legal on Demand die bereits vorhandene Unternehmenserfahrung. Unsere Legal Counsels sind mit Prozessen und Abl\u00e4ufen eines Unternehmens vertraut und k\u00f6nnen so effizient ab dem ersten Tag f\u00fcr Ihren Erfolg arbeiten.<\/p>\t\t\t\t\t\t\t\t<\/div>\n\t\t\t\t<\/div>\n\t\t\t\t<\/div>\n\t\t\t\t\t<\/div>\n\t\t\t\t<\/div>\n\t\t\t\t<\/div>","protected":false},"excerpt":{"rendered":"<p>Unsere VISION Legal on Demand als Ihre externe Rechtsabteilung Zuverl\u00e4ssig an Ihrer Seite, stets pragmatisch und nah am Business. &#8222;Wir schreiben keine Doktorarbeiten, sondern finden f\u00fcr Sie pragmatische und businessnahe L\u00f6sungen.&nbsp;Wir verstehen uns als Generalisten, die Sie im t\u00e4glichen Doing unterst\u00fctzen.&#8220; Legal on Demand wurde Ende 2023 in M\u00fcnchen gegr\u00fcndet: &#8222;Als ehemalige Leiterin einer Rechtsabteilung [&hellip;]<\/p>","protected":false},"author":1,"featured_media":0,"parent":0,"menu_order":0,"comment_status":"closed","ping_status":"closed","template":"","meta":{"_uag_custom_page_level_css":"","site-sidebar-layout":"no-sidebar","site-content-layout":"page-builder","ast-site-content-layout":"full-width-container","site-content-style":"unboxed","site-sidebar-style":"unboxed","ast-global-header-display":"","ast-banner-title-visibility":"","ast-main-header-display":"","ast-hfb-above-header-display":"","ast-hfb-below-header-display":"","ast-hfb-mobile-header-display":"","site-post-title":"disabled","ast-breadcrumbs-content":"","ast-featured-img":"disabled","footer-sml-layout":"","theme-transparent-header-meta":"enabled","adv-header-id-meta":"","stick-header-meta":"","header-above-stick-meta":"","header-main-stick-meta":"","header-below-stick-meta":"","astra-migrate-meta-layouts":"set","ast-page-background-enabled":"default","ast-page-background-meta":{"desktop":{"background-color":"","background-image":"","background-repeat":"repeat","background-position":"center center","background-size":"auto","background-attachment":"scroll","background-type":"","background-media":"","overlay-type":"","overlay-color":"","overlay-gradient":""},"tablet":{"background-color":"","background-image":"","background-repeat":"repeat","background-position":"center center","background-size":"auto","background-attachment":"scroll","background-type":"","background-media":"","overlay-type":"","overlay-color":"","overlay-gradient":""},"mobile":{"background-color":"","background-image":"","background-repeat":"repeat","background-position":"center center","background-size":"auto","background-attachment":"scroll","background-type":"","background-media":"","overlay-type":"","overlay-color":"","overlay-gradient":""}},"ast-content-background-meta":{"desktop":{"background-color":"var(--ast-global-color-5)","background-image":"","background-repeat":"repeat","background-position":"center center","background-size":"auto","background-attachment":"scroll","background-type":"","background-media":"","overlay-type":"","overlay-color":"","overlay-gradient":""},"tablet":{"background-color":"var(--ast-global-color-5)","background-image":"","background-repeat":"repeat","background-position":"center center","background-size":"auto","background-attachment":"scroll","background-type":"","background-media":"","overlay-type":"","overlay-color":"","overlay-gradient":""},"mobile":{"background-color":"var(--ast-global-color-5)","background-image":"","background-repeat":"repeat","background-position":"center center","background-size":"auto","background-attachment":"scroll","background-type":"","background-media":"","overlay-type":"","overlay-color":"","overlay-gradient":""}},"footnotes":""},"class_list":["post-547","page","type-page","status-publish","hentry"],"yoast_head":"<!-- This site is optimized with the Yoast SEO plugin v27.5 - https:\/\/yoast.com\/product\/yoast-seo-wordpress\/ -->\n<title>\u00dcber - Legal on Demand: Ihre externe Rechtsabteilung<\/title>\n<meta name=\"description\" content=\"Wir schreiben keine Doktorarbeiten. Wir finden f\u00fcr Sie pragmatische und businessnahe L\u00f6sungen. Wir bieten rechtliche Unterst\u00fctzung im Tagesgesch\u00e4ft.\" \/>\n<meta name=\"robots\" content=\"index, follow, max-snippet:-1, max-image-preview:large, max-video-preview:-1\" \/>\n<link rel=\"canonical\" href=\"http:\/\/legal-on-demand.de\/en\/ueber-legal-on-demand-die-externe-rechtsabteilung-fuer-die-it-branche\/\" \/>\n<meta property=\"og:locale\" content=\"en_US\" \/>\n<meta property=\"og:type\" content=\"article\" \/>\n<meta property=\"og:title\" content=\"\u00dcber - Legal on Demand: Ihre externe Rechtsabteilung\" \/>\n<meta property=\"og:description\" content=\"Wir schreiben keine Doktorarbeiten. Wir finden f\u00fcr Sie pragmatische und businessnahe L\u00f6sungen. Wir bieten rechtliche Unterst\u00fctzung im Tagesgesch\u00e4ft.\" \/>\n<meta property=\"og:url\" content=\"http:\/\/legal-on-demand.de\/en\/ueber-legal-on-demand-die-externe-rechtsabteilung-fuer-die-it-branche\/\" \/>\n<meta property=\"og:site_name\" content=\"Legal on Demand: Ihre externe Rechtsabteilung\" \/>\n<meta property=\"article:modified_time\" content=\"2024-03-20T15:55:51+00:00\" \/>\n<meta property=\"og:image\" content=\"http:\/\/legal-on-demand.de\/wp-content\/uploads\/2024\/03\/iStock-1031329664.jpg\" \/>\n<meta name=\"twitter:card\" content=\"summary_large_image\" \/>\n<meta name=\"twitter:label1\" content=\"Est. reading time\" \/>\n\t<meta name=\"twitter:data1\" content=\"2 minutes\" \/>\n<script type=\"application\/ld+json\" class=\"yoast-schema-graph\">{\"@context\":\"https:\\\/\\\/schema.org\",\"@graph\":[{\"@type\":\"WebPage\",\"@id\":\"http:\\\/\\\/legal-on-demand.de\\\/ueber-legal-on-demand-die-externe-rechtsabteilung-fuer-die-it-branche\\\/\",\"url\":\"http:\\\/\\\/legal-on-demand.de\\\/ueber-legal-on-demand-die-externe-rechtsabteilung-fuer-die-it-branche\\\/\",\"name\":\"\u00dcber - Legal on Demand: Ihre externe Rechtsabteilung\",\"isPartOf\":{\"@id\":\"https:\\\/\\\/legal-on-demand.de\\\/#website\"},\"primaryImageOfPage\":{\"@id\":\"http:\\\/\\\/legal-on-demand.de\\\/ueber-legal-on-demand-die-externe-rechtsabteilung-fuer-die-it-branche\\\/#primaryimage\"},\"image\":{\"@id\":\"http:\\\/\\\/legal-on-demand.de\\\/ueber-legal-on-demand-die-externe-rechtsabteilung-fuer-die-it-branche\\\/#primaryimage\"},\"thumbnailUrl\":\"http:\\\/\\\/legal-on-demand.de\\\/wp-content\\\/uploads\\\/2024\\\/03\\\/iStock-1031329664.jpg\",\"datePublished\":\"2018-11-26T12:45:57+00:00\",\"dateModified\":\"2024-03-20T15:55:51+00:00\",\"description\":\"Wir schreiben keine Doktorarbeiten. Wir finden f\u00fcr Sie pragmatische und businessnahe L\u00f6sungen. Wir bieten rechtliche Unterst\u00fctzung im Tagesgesch\u00e4ft.\",\"breadcrumb\":{\"@id\":\"http:\\\/\\\/legal-on-demand.de\\\/ueber-legal-on-demand-die-externe-rechtsabteilung-fuer-die-it-branche\\\/#breadcrumb\"},\"inLanguage\":\"en-US\",\"potentialAction\":[{\"@type\":\"ReadAction\",\"target\":[\"http:\\\/\\\/legal-on-demand.de\\\/ueber-legal-on-demand-die-externe-rechtsabteilung-fuer-die-it-branche\\\/\"]}]},{\"@type\":\"ImageObject\",\"inLanguage\":\"en-US\",\"@id\":\"http:\\\/\\\/legal-on-demand.de\\\/ueber-legal-on-demand-die-externe-rechtsabteilung-fuer-die-it-branche\\\/#primaryimage\",\"url\":\"http:\\\/\\\/legal-on-demand.de\\\/wp-content\\\/uploads\\\/2024\\\/03\\\/iStock-1031329664.jpg\",\"contentUrl\":\"http:\\\/\\\/legal-on-demand.de\\\/wp-content\\\/uploads\\\/2024\\\/03\\\/iStock-1031329664.jpg\"},{\"@type\":\"BreadcrumbList\",\"@id\":\"http:\\\/\\\/legal-on-demand.de\\\/ueber-legal-on-demand-die-externe-rechtsabteilung-fuer-die-it-branche\\\/#breadcrumb\",\"itemListElement\":[{\"@type\":\"ListItem\",\"position\":1,\"name\":\"Startseite\",\"item\":\"https:\\\/\\\/legal-on-demand.de\\\/\"},{\"@type\":\"ListItem\",\"position\":2,\"name\":\"\u00dcber\"}]},{\"@type\":\"WebSite\",\"@id\":\"https:\\\/\\\/legal-on-demand.de\\\/#website\",\"url\":\"https:\\\/\\\/legal-on-demand.de\\\/\",\"name\":\"Legal on Demand: Ihre externe Rechtsabteilung\",\"description\":\"Legal on Demand bietet ma\u00dfgeschneiderte Rechtsberatung zum Festpreis. Lassen Sie sich beraten!\",\"publisher\":{\"@id\":\"https:\\\/\\\/legal-on-demand.de\\\/#organization\"},\"potentialAction\":[{\"@type\":\"SearchAction\",\"target\":{\"@type\":\"EntryPoint\",\"urlTemplate\":\"https:\\\/\\\/legal-on-demand.de\\\/?s={search_term_string}\"},\"query-input\":{\"@type\":\"PropertyValueSpecification\",\"valueRequired\":true,\"valueName\":\"search_term_string\"}}],\"inLanguage\":\"en-US\"},{\"@type\":\"Organization\",\"@id\":\"https:\\\/\\\/legal-on-demand.de\\\/#organization\",\"name\":\"Legal on Demand: Ihre externe Rechtsabteilung\",\"url\":\"https:\\\/\\\/legal-on-demand.de\\\/\",\"logo\":{\"@type\":\"ImageObject\",\"inLanguage\":\"en-US\",\"@id\":\"https:\\\/\\\/legal-on-demand.de\\\/#\\\/schema\\\/logo\\\/image\\\/\",\"url\":\"http:\\\/\\\/legal-on-demand.de\\\/wp-content\\\/uploads\\\/2024\\\/03\\\/Black-on-White.png\",\"contentUrl\":\"http:\\\/\\\/legal-on-demand.de\\\/wp-content\\\/uploads\\\/2024\\\/03\\\/Black-on-White.png\",\"width\":3000,\"height\":3000,\"caption\":\"Legal on Demand: Ihre externe Rechtsabteilung\"},\"image\":{\"@id\":\"https:\\\/\\\/legal-on-demand.de\\\/#\\\/schema\\\/logo\\\/image\\\/\"},\"sameAs\":[\"https:\\\/\\\/www.linkedin.com\\\/company\\\/legal-on-demand\\\/\"]}]}<\/script>\n<!-- \/ Yoast SEO plugin. -->","yoast_head_json":{"title":"\u00dcber - Legal on Demand: Ihre externe Rechtsabteilung","description":"Wir schreiben keine Doktorarbeiten. Wir finden f\u00fcr Sie pragmatische und businessnahe L\u00f6sungen. Wir bieten rechtliche Unterst\u00fctzung im Tagesgesch\u00e4ft.","robots":{"index":"index","follow":"follow","max-snippet":"max-snippet:-1","max-image-preview":"max-image-preview:large","max-video-preview":"max-video-preview:-1"},"canonical":"http:\/\/legal-on-demand.de\/en\/ueber-legal-on-demand-die-externe-rechtsabteilung-fuer-die-it-branche\/","og_locale":"en_US","og_type":"article","og_title":"\u00dcber - Legal on Demand: Ihre externe Rechtsabteilung","og_description":"Wir schreiben keine Doktorarbeiten. Wir finden f\u00fcr Sie pragmatische und businessnahe L\u00f6sungen. Wir bieten rechtliche Unterst\u00fctzung im Tagesgesch\u00e4ft.","og_url":"http:\/\/legal-on-demand.de\/en\/ueber-legal-on-demand-die-externe-rechtsabteilung-fuer-die-it-branche\/","og_site_name":"Legal on Demand: Ihre externe Rechtsabteilung","article_modified_time":"2024-03-20T15:55:51+00:00","og_image":[{"url":"http:\/\/legal-on-demand.de\/wp-content\/uploads\/2024\/03\/iStock-1031329664.jpg","type":"","width":"","height":""}],"twitter_card":"summary_large_image","twitter_misc":{"Est. reading time":"2 minutes"},"schema":{"@context":"https:\/\/schema.org","@graph":[{"@type":"WebPage","@id":"http:\/\/legal-on-demand.de\/ueber-legal-on-demand-die-externe-rechtsabteilung-fuer-die-it-branche\/","url":"http:\/\/legal-on-demand.de\/ueber-legal-on-demand-die-externe-rechtsabteilung-fuer-die-it-branche\/","name":"\u00dcber - Legal on Demand: Ihre externe Rechtsabteilung","isPartOf":{"@id":"https:\/\/legal-on-demand.de\/#website"},"primaryImageOfPage":{"@id":"http:\/\/legal-on-demand.de\/ueber-legal-on-demand-die-externe-rechtsabteilung-fuer-die-it-branche\/#primaryimage"},"image":{"@id":"http:\/\/legal-on-demand.de\/ueber-legal-on-demand-die-externe-rechtsabteilung-fuer-die-it-branche\/#primaryimage"},"thumbnailUrl":"http:\/\/legal-on-demand.de\/wp-content\/uploads\/2024\/03\/iStock-1031329664.jpg","datePublished":"2018-11-26T12:45:57+00:00","dateModified":"2024-03-20T15:55:51+00:00","description":"Wir schreiben keine Doktorarbeiten. Wir finden f\u00fcr Sie pragmatische und businessnahe L\u00f6sungen. Wir bieten rechtliche Unterst\u00fctzung im Tagesgesch\u00e4ft.","breadcrumb":{"@id":"http:\/\/legal-on-demand.de\/ueber-legal-on-demand-die-externe-rechtsabteilung-fuer-die-it-branche\/#breadcrumb"},"inLanguage":"en-US","potentialAction":[{"@type":"ReadAction","target":["http:\/\/legal-on-demand.de\/ueber-legal-on-demand-die-externe-rechtsabteilung-fuer-die-it-branche\/"]}]},{"@type":"ImageObject","inLanguage":"en-US","@id":"http:\/\/legal-on-demand.de\/ueber-legal-on-demand-die-externe-rechtsabteilung-fuer-die-it-branche\/#primaryimage","url":"http:\/\/legal-on-demand.de\/wp-content\/uploads\/2024\/03\/iStock-1031329664.jpg","contentUrl":"http:\/\/legal-on-demand.de\/wp-content\/uploads\/2024\/03\/iStock-1031329664.jpg"},{"@type":"BreadcrumbList","@id":"http:\/\/legal-on-demand.de\/ueber-legal-on-demand-die-externe-rechtsabteilung-fuer-die-it-branche\/#breadcrumb","itemListElement":[{"@type":"ListItem","position":1,"name":"Startseite","item":"https:\/\/legal-on-demand.de\/"},{"@type":"ListItem","position":2,"name":"\u00dcber"}]},{"@type":"WebSite","@id":"https:\/\/legal-on-demand.de\/#website","url":"https:\/\/legal-on-demand.de\/","name":"Legal on Demand: Ihre externe Rechtsabteilung","description":"Legal on Demand bietet ma\u00dfgeschneiderte Rechtsberatung zum Festpreis. Lassen Sie sich beraten!","publisher":{"@id":"https:\/\/legal-on-demand.de\/#organization"},"potentialAction":[{"@type":"SearchAction","target":{"@type":"EntryPoint","urlTemplate":"https:\/\/legal-on-demand.de\/?s={search_term_string}"},"query-input":{"@type":"PropertyValueSpecification","valueRequired":true,"valueName":"search_term_string"}}],"inLanguage":"en-US"},{"@type":"Organization","@id":"https:\/\/legal-on-demand.de\/#organization","name":"Legal on Demand: Ihre externe Rechtsabteilung","url":"https:\/\/legal-on-demand.de\/","logo":{"@type":"ImageObject","inLanguage":"en-US","@id":"https:\/\/legal-on-demand.de\/#\/schema\/logo\/image\/","url":"http:\/\/legal-on-demand.de\/wp-content\/uploads\/2024\/03\/Black-on-White.png","contentUrl":"http:\/\/legal-on-demand.de\/wp-content\/uploads\/2024\/03\/Black-on-White.png","width":3000,"height":3000,"caption":"Legal on Demand: Ihre externe Rechtsabteilung"},"image":{"@id":"https:\/\/legal-on-demand.de\/#\/schema\/logo\/image\/"},"sameAs":["https:\/\/www.linkedin.com\/company\/legal-on-demand\/"]}]}},"uagb_featured_image_src":{"full":false,"thumbnail":false,"medium":false,"medium_large":false,"large":false,"1536x1536":false,"2048x2048":false,"trp-custom-language-flag":false},"uagb_author_info":{"display_name":"781140","author_link":"https:\/\/legal-on-demand.de\/en\/author\/781140\/"},"uagb_comment_info":0,"uagb_excerpt":"Unsere VISION Legal on Demand als Ihre externe Rechtsabteilung Zuverl\u00e4ssig an Ihrer Seite, stets pragmatisch und nah am Business. &#8222;Wir schreiben keine Doktorarbeiten, sondern finden f\u00fcr Sie pragmatische und businessnahe L\u00f6sungen.&nbsp;Wir verstehen uns als Generalisten, die Sie im t\u00e4glichen Doing unterst\u00fctzen.&#8220; Legal on Demand wurde Ende 2023 in M\u00fcnchen gegr\u00fcndet: &#8222;Als ehemalige Leiterin einer Rechtsabteilung&hellip;","_links":{"self":[{"href":"https:\/\/legal-on-demand.de\/en\/wp-json\/wp\/v2\/pages\/547","targetHints":{"allow":["GET"]}}],"collection":[{"href":"https:\/\/legal-on-demand.de\/en\/wp-json\/wp\/v2\/pages"}],"about":[{"href":"https:\/\/legal-on-demand.de\/en\/wp-json\/wp\/v2\/types\/page"}],"author":[{"embeddable":true,"href":"https:\/\/legal-on-demand.de\/en\/wp-json\/wp\/v2\/users\/1"}],"replies":[{"embeddable":true,"href":"https:\/\/legal-on-demand.de\/en\/wp-json\/wp\/v2\/comments?post=547"}],"version-history":[{"count":10,"href":"https:\/\/legal-on-demand.de\/en\/wp-json\/wp\/v2\/pages\/547\/revisions"}],"predecessor-version":[{"id":3591,"href":"https:\/\/legal-on-demand.de\/en\/wp-json\/wp\/v2\/pages\/547\/revisions\/3591"}],"wp:attachment":[{"href":"https:\/\/legal-on-demand.de\/en\/wp-json\/wp\/v2\/media?parent=547"}],"curies":[{"name":"wp","href":"https:\/\/api.w.org\/{rel}","templated":true}]}}