{"id":548,"date":"2018-11-26T12:46:25","date_gmt":"2018-11-26T12:46:25","guid":{"rendered":"http:\/\/legal-on-demand.de\/product-2\/"},"modified":"2024-03-20T17:05:05","modified_gmt":"2024-03-20T16:05:05","slug":"preise","status":"publish","type":"page","link":"https:\/\/legal-on-demand.de\/en\/preise\/","title":{"rendered":"Preise"},"content":{"rendered":"<div data-elementor-type=\"wp-post\" data-elementor-id=\"548\" class=\"elementor elementor-548\">\n\t\t\t\t<div class=\"elementor-element elementor-element-339098f e-flex e-con-boxed e-con e-parent\" data-id=\"339098f\" data-element_type=\"container\" data-e-type=\"container\" data-settings=\"{&quot;background_background&quot;:&quot;video&quot;,&quot;background_video_link&quot;:&quot;https:\\\/\\\/legal-on-demand.de\\\/wp-content\\\/uploads\\\/2024\\\/03\\\/iStock-1312253092.mp4&quot;}\">\n\t\t\t\t\t<div class=\"e-con-inner\">\n\t\t<div class=\"elementor-background-video-container elementor-hidden-mobile\">\n\t\t\t\t\t\t\t<video class=\"elementor-background-video-hosted\" role=\"presentation\" autoplay muted playsinline loop><\/video>\n\t\t\t\t\t<\/div><div class=\"elementor-element elementor-element-1f49b04 e-con-full e-flex e-con e-child\" data-id=\"1f49b04\" data-element_type=\"container\" data-e-type=\"container\">\n\t\t\t\t<div class=\"elementor-element elementor-element-b3e06b3 elementor-widget elementor-widget-heading\" data-id=\"b3e06b3\" data-element_type=\"widget\" data-e-type=\"widget\" data-widget_type=\"heading.default\">\n\t\t\t\t<div class=\"elementor-widget-container\">\n\t\t\t\t\t<h1 class=\"elementor-heading-title elementor-size-default\">Preise<\/h1>\t\t\t\t<\/div>\n\t\t\t\t<\/div>\n\t\t\t\t<\/div>\n\t\t\t\t\t<\/div>\n\t\t\t\t<\/div>\n\t\t<div class=\"elementor-element elementor-element-e1d6fb4 e-flex e-con-boxed e-con e-parent\" data-id=\"e1d6fb4\" data-element_type=\"container\" data-e-type=\"container\" data-settings=\"{&quot;background_background&quot;:&quot;classic&quot;}\">\n\t\t\t\t\t<div class=\"e-con-inner\">\n\t\t<div class=\"elementor-element elementor-element-9b1d13b e-con-full e-flex e-con e-child\" data-id=\"9b1d13b\" data-element_type=\"container\" data-e-type=\"container\">\n\t\t<div class=\"elementor-element elementor-element-a758762 e-con-full e-flex e-con e-child\" data-id=\"a758762\" data-element_type=\"container\" data-e-type=\"container\">\n\t\t\t\t<div class=\"elementor-element elementor-element-f73296d elementor-widget elementor-widget-heading\" data-id=\"f73296d\" data-element_type=\"widget\" data-e-type=\"widget\" data-widget_type=\"heading.default\">\n\t\t\t\t<div class=\"elementor-widget-container\">\n\t\t\t\t\t<h5 class=\"elementor-heading-title elementor-size-default\">Unsere Preise \u2013 fair, transparent, planbar. <\/h5>\t\t\t\t<\/div>\n\t\t\t\t<\/div>\n\t\t\t\t<\/div>\n\t\t\t\t<div class=\"elementor-element elementor-element-f49cae6 elementor-widget elementor-widget-heading\" data-id=\"f49cae6\" data-element_type=\"widget\" data-e-type=\"widget\" data-widget_type=\"heading.default\">\n\t\t\t\t<div class=\"elementor-widget-container\">\n\t\t\t\t\t<h2 class=\"elementor-heading-title elementor-size-default\">Legal Services zum FESTPREIS:<\/h2>\t\t\t\t<\/div>\n\t\t\t\t<\/div>\n\t\t\t\t<div class=\"elementor-element elementor-element-ccbd21d elementor-widget-divider--view-line elementor-widget elementor-widget-divider\" data-id=\"ccbd21d\" data-element_type=\"widget\" data-e-type=\"widget\" data-widget_type=\"divider.default\">\n\t\t\t\t<div class=\"elementor-widget-container\">\n\t\t\t\t\t\t\t<div class=\"elementor-divider\">\n\t\t\t<span class=\"elementor-divider-separator\">\n\t\t\t\t\t\t<\/span>\n\t\t<\/div>\n\t\t\t\t\t\t<\/div>\n\t\t\t\t<\/div>\n\t\t<div class=\"elementor-element elementor-element-cd2119b e-con-full e-flex e-con e-child\" data-id=\"cd2119b\" data-element_type=\"container\" data-e-type=\"container\">\n\t\t<div class=\"elementor-element elementor-element-e8de032 e-con-full e-flex e-con e-child\" data-id=\"e8de032\" data-element_type=\"container\" data-e-type=\"container\">\n\t\t\t\t<div class=\"elementor-element elementor-element-0ef9d37 elementor-widget elementor-widget-text-editor\" data-id=\"0ef9d37\" data-element_type=\"widget\" data-e-type=\"widget\" data-widget_type=\"text-editor.default\">\n\t\t\t\t<div class=\"elementor-widget-container\">\n\t\t\t\t\t\t\t\t\t<p><b>EUR 1.330\u00a0 \u00a0 \u00a0<\/b><\/p>\t\t\t\t\t\t\t\t<\/div>\n\t\t\t\t<\/div>\n\t\t\t\t<\/div>\n\t\t<div class=\"elementor-element elementor-element-25f5b59 e-con-full e-flex e-con e-child\" data-id=\"25f5b59\" data-element_type=\"container\" data-e-type=\"container\">\n\t\t\t\t<div class=\"elementor-element elementor-element-f4f15ed elementor-widget elementor-widget-text-editor\" data-id=\"f4f15ed\" data-element_type=\"widget\" data-e-type=\"widget\" data-widget_type=\"text-editor.default\">\n\t\t\t\t<div class=\"elementor-widget-container\">\n\t\t\t\t\t\t\t\t\t<p><b>TAGESSATZ:\u00a0 \u00a0 \u00a0<\/b><\/p>\t\t\t\t\t\t\t\t<\/div>\n\t\t\t\t<\/div>\n\t\t\t\t<\/div>\n\t\t\t\t<\/div>\n\t\t\t\t<div class=\"elementor-element elementor-element-e084148 elementor-widget-divider--view-line elementor-widget elementor-widget-divider\" data-id=\"e084148\" data-element_type=\"widget\" data-e-type=\"widget\" data-widget_type=\"divider.default\">\n\t\t\t\t<div class=\"elementor-widget-container\">\n\t\t\t\t\t\t\t<div class=\"elementor-divider\">\n\t\t\t<span class=\"elementor-divider-separator\">\n\t\t\t\t\t\t<\/span>\n\t\t<\/div>\n\t\t\t\t\t\t<\/div>\n\t\t\t\t<\/div>\n\t\t\t\t<div class=\"elementor-element elementor-element-9d078ff elementor-widget elementor-widget-text-editor\" data-id=\"9d078ff\" data-element_type=\"widget\" data-e-type=\"widget\" data-widget_type=\"text-editor.default\">\n\t\t\t\t<div class=\"elementor-widget-container\">\n\t\t\t\t\t\t\t\t\t<p>Unser generelles Kosten-Leistungsmodell beruht auf einer mittel- bzw. langfristigen Zusammenarbeit. So k\u00f6nnen wir Ihnen g\u00fcnstige Tagess\u00e4tze f\u00fcr unsere Services anbieten. Sie haben so dauerhaft einen Ansprechpartner mit Seniorit\u00e4tslevel, der sofort bei Ihnen starten kann. Gleichzeitig hat der Experte ausreichend Erfahrung, um schnell Ihre individuellen Bed\u00fcrfnisse und Vorgaben zu verstehen und adaptieren zu k\u00f6nnen.<\/p><p>Wir bieten Ihnen gern unsere Services in Form eines Rahmenvertrages an. Dieser beinhaltet die Mindestabnahme von einem Tag pro Woche und hat einen Mindestvertragslaufzeit von einem Monat. Der Rahmenvertrag ist monatlich k\u00fcndbar mit einer Frist von 2 Wochen bis zum Monatsende.\u00a0<\/p>\t\t\t\t\t\t\t\t<\/div>\n\t\t\t\t<\/div>\n\t\t\t\t<div class=\"elementor-element elementor-element-317d6a5 elementor-widget elementor-widget-text-editor\" data-id=\"317d6a5\" data-element_type=\"widget\" data-e-type=\"widget\" data-widget_type=\"text-editor.default\">\n\t\t\t\t<div class=\"elementor-widget-container\">\n\t\t\t\t\t\t\t\t\t<p>Die Preise f\u00fcr &#8222;Manager&#8220;-Level erhalten Sie auf Anfrage.<\/p>\t\t\t\t\t\t\t\t<\/div>\n\t\t\t\t<\/div>\n\t\t\t\t<div class=\"elementor-element elementor-element-e001593 elementor-align-center elementor-widget elementor-widget-button\" data-id=\"e001593\" data-element_type=\"widget\" data-e-type=\"widget\" data-widget_type=\"button.default\">\n\t\t\t\t<div class=\"elementor-widget-container\">\n\t\t\t\t\t\t\t\t\t<div class=\"elementor-button-wrapper\">\n\t\t\t\t\t<a class=\"elementor-button elementor-button-link elementor-size-xl\" href=\"http:\/\/legal-on-demand.de\/en\/leistungen\/\">\n\t\t\t\t\t\t<span class=\"elementor-button-content-wrapper\">\n\t\t\t\t\t\t\t\t\t<span class=\"elementor-button-text\">Kontaktieren Sie uns!<\/span>\n\t\t\t\t\t<\/span>\n\t\t\t\t\t<\/a>\n\t\t\t\t<\/div>\n\t\t\t\t\t\t\t\t<\/div>\n\t\t\t\t<\/div>\n\t\t\t\t<\/div>\n\t\t<div class=\"elementor-element elementor-element-8305a21 e-con-full e-flex e-con e-child\" data-id=\"8305a21\" data-element_type=\"container\" data-e-type=\"container\">\n\t\t\t\t<div class=\"elementor-element elementor-element-ba08c59 elementor-widget-mobile__width-inherit elementor-widget elementor-widget-image\" data-id=\"ba08c59\" data-element_type=\"widget\" data-e-type=\"widget\" data-widget_type=\"image.default\">\n\t\t\t\t<div class=\"elementor-widget-container\">\n\t\t\t\t\t\t\t\t\t\t\t\t\t\t\t<img decoding=\"async\" src=\"https:\/\/legal-on-demand.de\/wp-content\/uploads\/2024\/03\/iStock-1336009302-1-1-scaled.jpg\" title=\"Shot of a businessman and businesswoman going over paperwork in a modern office\" alt=\"Numbers speak louder than words\" loading=\"lazy\" \/>\t\t\t\t\t\t\t\t\t\t\t\t\t\t\t<\/div>\n\t\t\t\t<\/div>\n\t\t\t\t<div class=\"elementor-element elementor-element-9606f7f elementor-widget-divider--view-line elementor-widget elementor-widget-divider\" data-id=\"9606f7f\" data-element_type=\"widget\" data-e-type=\"widget\" data-widget_type=\"divider.default\">\n\t\t\t\t<div class=\"elementor-widget-container\">\n\t\t\t\t\t\t\t<div class=\"elementor-divider\">\n\t\t\t<span class=\"elementor-divider-separator\">\n\t\t\t\t\t\t<\/span>\n\t\t<\/div>\n\t\t\t\t\t\t<\/div>\n\t\t\t\t<\/div>\n\t\t\t\t<div class=\"elementor-element elementor-element-7e0ae1a elementor-widget elementor-widget-text-editor\" data-id=\"7e0ae1a\" data-element_type=\"widget\" data-e-type=\"widget\" data-widget_type=\"text-editor.default\">\n\t\t\t\t<div class=\"elementor-widget-container\">\n\t\t\t\t\t\t\t\t\t<p><strong>Wollen Sie den Service einen Tag zun\u00e4chst testen?<\/strong><\/p>\t\t\t\t\t\t\t\t<\/div>\n\t\t\t\t<\/div>\n\t\t<div class=\"elementor-element elementor-element-ffae95d e-con-full e-flex e-con e-child\" data-id=\"ffae95d\" data-element_type=\"container\" data-e-type=\"container\">\n\t\t<div class=\"elementor-element elementor-element-a9073ca e-con-full e-flex e-con e-child\" data-id=\"a9073ca\" data-element_type=\"container\" data-e-type=\"container\">\n\t\t\t\t<div class=\"elementor-element elementor-element-23ef06e elementor-widget elementor-widget-text-editor\" data-id=\"23ef06e\" data-element_type=\"widget\" data-e-type=\"widget\" data-widget_type=\"text-editor.default\">\n\t\t\t\t<div class=\"elementor-widget-container\">\n\t\t\t\t\t\t\t\t\t<p><b>EUR 1.750\u00a0 \u00a0\u00a0<\/b><\/p>\t\t\t\t\t\t\t\t<\/div>\n\t\t\t\t<\/div>\n\t\t\t\t<\/div>\n\t\t<div class=\"elementor-element elementor-element-8b9062f e-con-full e-flex e-con e-child\" data-id=\"8b9062f\" data-element_type=\"container\" data-e-type=\"container\">\n\t\t\t\t<div class=\"elementor-element elementor-element-8aeb77a elementor-widget elementor-widget-text-editor\" data-id=\"8aeb77a\" data-element_type=\"widget\" data-e-type=\"widget\" data-widget_type=\"text-editor.default\">\n\t\t\t\t<div class=\"elementor-widget-container\">\n\t\t\t\t\t\t\t\t\t<p><b>TAGESSATZ:\u00a0 \u00a0 \u00a0<\/b><\/p>\t\t\t\t\t\t\t\t<\/div>\n\t\t\t\t<\/div>\n\t\t\t\t<\/div>\n\t\t\t\t<\/div>\n\t\t\t\t<div class=\"elementor-element elementor-element-0e32213 elementor-widget-divider--view-line elementor-widget elementor-widget-divider\" data-id=\"0e32213\" data-element_type=\"widget\" data-e-type=\"widget\" data-widget_type=\"divider.default\">\n\t\t\t\t<div class=\"elementor-widget-container\">\n\t\t\t\t\t\t\t<div class=\"elementor-divider\">\n\t\t\t<span class=\"elementor-divider-separator\">\n\t\t\t\t\t\t<\/span>\n\t\t<\/div>\n\t\t\t\t\t\t<\/div>\n\t\t\t\t<\/div>\n\t\t\t\t<\/div>\n\t\t\t\t<div class=\"elementor-element elementor-element-73737a3 elementor-widget-divider--view-line elementor-widget elementor-widget-divider\" data-id=\"73737a3\" data-element_type=\"widget\" data-e-type=\"widget\" data-widget_type=\"divider.default\">\n\t\t\t\t<div class=\"elementor-widget-container\">\n\t\t\t\t\t\t\t<div class=\"elementor-divider\">\n\t\t\t<span class=\"elementor-divider-separator\">\n\t\t\t\t\t\t<\/span>\n\t\t<\/div>\n\t\t\t\t\t\t<\/div>\n\t\t\t\t<\/div>\n\t\t\t\t\t<\/div>\n\t\t\t\t<\/div>\n\t\t\t\t<\/div>","protected":false},"excerpt":{"rendered":"<p>Preise Unsere Preise \u2013 fair, transparent, planbar. Legal Services zum FESTPREIS: EUR 1.330\u00a0 \u00a0 \u00a0 TAGESSATZ:\u00a0 \u00a0 \u00a0 Unser generelles Kosten-Leistungsmodell beruht auf einer mittel- bzw. langfristigen Zusammenarbeit. So k\u00f6nnen wir Ihnen g\u00fcnstige Tagess\u00e4tze f\u00fcr unsere Services anbieten. Sie haben so dauerhaft einen Ansprechpartner mit Seniorit\u00e4tslevel, der sofort bei Ihnen starten kann. Gleichzeitig hat der [&hellip;]<\/p>","protected":false},"author":1,"featured_media":0,"parent":0,"menu_order":0,"comment_status":"closed","ping_status":"closed","template":"","meta":{"_uag_custom_page_level_css":"","site-sidebar-layout":"no-sidebar","site-content-layout":"page-builder","ast-site-content-layout":"full-width-container","site-content-style":"unboxed","site-sidebar-style":"unboxed","ast-global-header-display":"","ast-banner-title-visibility":"","ast-main-header-display":"","ast-hfb-above-header-display":"","ast-hfb-below-header-display":"","ast-hfb-mobile-header-display":"","site-post-title":"disabled","ast-breadcrumbs-content":"","ast-featured-img":"disabled","footer-sml-layout":"","theme-transparent-header-meta":"enabled","adv-header-id-meta":"","stick-header-meta":"","header-above-stick-meta":"","header-main-stick-meta":"","header-below-stick-meta":"","astra-migrate-meta-layouts":"set","ast-page-background-enabled":"default","ast-page-background-meta":{"desktop":{"background-color":"","background-image":"","background-repeat":"repeat","background-position":"center center","background-size":"auto","background-attachment":"scroll","background-type":"","background-media":"","overlay-type":"","overlay-color":"","overlay-gradient":""},"tablet":{"background-color":"","background-image":"","background-repeat":"repeat","background-position":"center center","background-size":"auto","background-attachment":"scroll","background-type":"","background-media":"","overlay-type":"","overlay-color":"","overlay-gradient":""},"mobile":{"background-color":"","background-image":"","background-repeat":"repeat","background-position":"center center","background-size":"auto","background-attachment":"scroll","background-type":"","background-media":"","overlay-type":"","overlay-color":"","overlay-gradient":""}},"ast-content-background-meta":{"desktop":{"background-color":"var(--ast-global-color-5)","background-image":"","background-repeat":"repeat","background-position":"center center","background-size":"auto","background-attachment":"scroll","background-type":"","background-media":"","overlay-type":"","overlay-color":"","overlay-gradient":""},"tablet":{"background-color":"var(--ast-global-color-5)","background-image":"","background-repeat":"repeat","background-position":"center center","background-size":"auto","background-attachment":"scroll","background-type":"","background-media":"","overlay-type":"","overlay-color":"","overlay-gradient":""},"mobile":{"background-color":"var(--ast-global-color-5)","background-image":"","background-repeat":"repeat","background-position":"center center","background-size":"auto","background-attachment":"scroll","background-type":"","background-media":"","overlay-type":"","overlay-color":"","overlay-gradient":""}},"footnotes":""},"class_list":["post-548","page","type-page","status-publish","hentry"],"yoast_head":"<!-- This site is optimized with the Yoast SEO plugin v27.6 - https:\/\/yoast.com\/product\/yoast-seo-wordpress\/ -->\n<title>Preise - Legal on Demand: Ihre externe Rechtsabteilung<\/title>\n<meta name=\"description\" content=\"Erfahren Sie mehr \u00fcber unsere kosteneffizienten Legal-Interim-L\u00f6sung zum Festpreis. Mit einem fairen Tagessatz profitieren Sie von erfahrenen Ansprechpartnern mit IT-Branchenkenntnissen, der Ihre individuellen Bed\u00fcrfnisse schnell versteht und umsetzt. Entdecken Sie unsere flexiblen Rahmenvertr\u00e4ge f\u00fcr Interim Legal Management f\u00fcr eine langfristige Zusammenarbeit\" \/>\n<meta name=\"robots\" content=\"index, follow, max-snippet:-1, max-image-preview:large, max-video-preview:-1\" \/>\n<link rel=\"canonical\" href=\"http:\/\/legal-on-demand.de\/en\/preise\/\" \/>\n<meta property=\"og:locale\" content=\"en_US\" \/>\n<meta property=\"og:type\" content=\"article\" \/>\n<meta property=\"og:title\" content=\"Preise - Legal on Demand: Ihre externe Rechtsabteilung\" \/>\n<meta property=\"og:description\" content=\"Erfahren Sie mehr \u00fcber unsere kosteneffizienten Legal-Interim-L\u00f6sung zum Festpreis. Mit einem fairen Tagessatz profitieren Sie von erfahrenen Ansprechpartnern mit IT-Branchenkenntnissen, der Ihre individuellen Bed\u00fcrfnisse schnell versteht und umsetzt. Entdecken Sie unsere flexiblen Rahmenvertr\u00e4ge f\u00fcr Interim Legal Management f\u00fcr eine langfristige Zusammenarbeit\" \/>\n<meta property=\"og:url\" content=\"http:\/\/legal-on-demand.de\/en\/preise\/\" \/>\n<meta property=\"og:site_name\" content=\"Legal on Demand: Ihre externe Rechtsabteilung\" \/>\n<meta property=\"article:modified_time\" content=\"2024-03-20T16:05:05+00:00\" \/>\n<meta property=\"og:image\" content=\"http:\/\/legal-on-demand.de\/wp-content\/uploads\/elementor\/thumbs\/iStock-1336009302-1-1-scaled-ql5au5eeetce729onnszm20k1e85y1n3sa5uhxqs00.jpg\" \/>\n<meta name=\"twitter:card\" content=\"summary_large_image\" \/>\n<meta name=\"twitter:label1\" content=\"Est. reading time\" \/>\n\t<meta name=\"twitter:data1\" content=\"1 minute\" \/>\n<script type=\"application\/ld+json\" class=\"yoast-schema-graph\">{\"@context\":\"https:\\\/\\\/schema.org\",\"@graph\":[{\"@type\":\"WebPage\",\"@id\":\"http:\\\/\\\/legal-on-demand.de\\\/preise\\\/\",\"url\":\"http:\\\/\\\/legal-on-demand.de\\\/preise\\\/\",\"name\":\"Preise - Legal on Demand: Ihre externe Rechtsabteilung\",\"isPartOf\":{\"@id\":\"https:\\\/\\\/legal-on-demand.de\\\/#website\"},\"primaryImageOfPage\":{\"@id\":\"http:\\\/\\\/legal-on-demand.de\\\/preise\\\/#primaryimage\"},\"image\":{\"@id\":\"http:\\\/\\\/legal-on-demand.de\\\/preise\\\/#primaryimage\"},\"thumbnailUrl\":\"http:\\\/\\\/legal-on-demand.de\\\/wp-content\\\/uploads\\\/elementor\\\/thumbs\\\/iStock-1336009302-1-1-scaled-ql5au5eeetce729onnszm20k1e85y1n3sa5uhxqs00.jpg\",\"datePublished\":\"2018-11-26T12:46:25+00:00\",\"dateModified\":\"2024-03-20T16:05:05+00:00\",\"description\":\"Erfahren Sie mehr \u00fcber unsere kosteneffizienten Legal-Interim-L\u00f6sung zum Festpreis. Mit einem fairen Tagessatz profitieren Sie von erfahrenen Ansprechpartnern mit IT-Branchenkenntnissen, der Ihre individuellen Bed\u00fcrfnisse schnell versteht und umsetzt. Entdecken Sie unsere flexiblen Rahmenvertr\u00e4ge f\u00fcr Interim Legal Management f\u00fcr eine langfristige Zusammenarbeit\",\"breadcrumb\":{\"@id\":\"http:\\\/\\\/legal-on-demand.de\\\/preise\\\/#breadcrumb\"},\"inLanguage\":\"en-US\",\"potentialAction\":[{\"@type\":\"ReadAction\",\"target\":[\"http:\\\/\\\/legal-on-demand.de\\\/preise\\\/\"]}]},{\"@type\":\"ImageObject\",\"inLanguage\":\"en-US\",\"@id\":\"http:\\\/\\\/legal-on-demand.de\\\/preise\\\/#primaryimage\",\"url\":\"http:\\\/\\\/legal-on-demand.de\\\/wp-content\\\/uploads\\\/elementor\\\/thumbs\\\/iStock-1336009302-1-1-scaled-ql5au5eeetce729onnszm20k1e85y1n3sa5uhxqs00.jpg\",\"contentUrl\":\"http:\\\/\\\/legal-on-demand.de\\\/wp-content\\\/uploads\\\/elementor\\\/thumbs\\\/iStock-1336009302-1-1-scaled-ql5au5eeetce729onnszm20k1e85y1n3sa5uhxqs00.jpg\"},{\"@type\":\"BreadcrumbList\",\"@id\":\"http:\\\/\\\/legal-on-demand.de\\\/preise\\\/#breadcrumb\",\"itemListElement\":[{\"@type\":\"ListItem\",\"position\":1,\"name\":\"Startseite\",\"item\":\"https:\\\/\\\/legal-on-demand.de\\\/\"},{\"@type\":\"ListItem\",\"position\":2,\"name\":\"Preise\"}]},{\"@type\":\"WebSite\",\"@id\":\"https:\\\/\\\/legal-on-demand.de\\\/#website\",\"url\":\"https:\\\/\\\/legal-on-demand.de\\\/\",\"name\":\"Legal on Demand: Ihre externe Rechtsabteilung\",\"description\":\"Legal on Demand bietet ma\u00dfgeschneiderte Rechtsberatung zum Festpreis. Lassen Sie sich beraten!\",\"publisher\":{\"@id\":\"https:\\\/\\\/legal-on-demand.de\\\/#organization\"},\"potentialAction\":[{\"@type\":\"SearchAction\",\"target\":{\"@type\":\"EntryPoint\",\"urlTemplate\":\"https:\\\/\\\/legal-on-demand.de\\\/?s={search_term_string}\"},\"query-input\":{\"@type\":\"PropertyValueSpecification\",\"valueRequired\":true,\"valueName\":\"search_term_string\"}}],\"inLanguage\":\"en-US\"},{\"@type\":\"Organization\",\"@id\":\"https:\\\/\\\/legal-on-demand.de\\\/#organization\",\"name\":\"Legal on Demand: Ihre externe Rechtsabteilung\",\"url\":\"https:\\\/\\\/legal-on-demand.de\\\/\",\"logo\":{\"@type\":\"ImageObject\",\"inLanguage\":\"en-US\",\"@id\":\"https:\\\/\\\/legal-on-demand.de\\\/#\\\/schema\\\/logo\\\/image\\\/\",\"url\":\"http:\\\/\\\/legal-on-demand.de\\\/wp-content\\\/uploads\\\/2024\\\/03\\\/Black-on-White.png\",\"contentUrl\":\"http:\\\/\\\/legal-on-demand.de\\\/wp-content\\\/uploads\\\/2024\\\/03\\\/Black-on-White.png\",\"width\":3000,\"height\":3000,\"caption\":\"Legal on Demand: Ihre externe Rechtsabteilung\"},\"image\":{\"@id\":\"https:\\\/\\\/legal-on-demand.de\\\/#\\\/schema\\\/logo\\\/image\\\/\"},\"sameAs\":[\"https:\\\/\\\/www.linkedin.com\\\/company\\\/legal-on-demand\\\/\"]}]}<\/script>\n<!-- \/ Yoast SEO plugin. -->","yoast_head_json":{"title":"Preise - Legal on Demand: Ihre externe Rechtsabteilung","description":"Erfahren Sie mehr \u00fcber unsere kosteneffizienten Legal-Interim-L\u00f6sung zum Festpreis. Mit einem fairen Tagessatz profitieren Sie von erfahrenen Ansprechpartnern mit IT-Branchenkenntnissen, der Ihre individuellen Bed\u00fcrfnisse schnell versteht und umsetzt. Entdecken Sie unsere flexiblen Rahmenvertr\u00e4ge f\u00fcr Interim Legal Management f\u00fcr eine langfristige Zusammenarbeit","robots":{"index":"index","follow":"follow","max-snippet":"max-snippet:-1","max-image-preview":"max-image-preview:large","max-video-preview":"max-video-preview:-1"},"canonical":"http:\/\/legal-on-demand.de\/en\/preise\/","og_locale":"en_US","og_type":"article","og_title":"Preise - Legal on Demand: Ihre externe Rechtsabteilung","og_description":"Erfahren Sie mehr \u00fcber unsere kosteneffizienten Legal-Interim-L\u00f6sung zum Festpreis. Mit einem fairen Tagessatz profitieren Sie von erfahrenen Ansprechpartnern mit IT-Branchenkenntnissen, der Ihre individuellen Bed\u00fcrfnisse schnell versteht und umsetzt. Entdecken Sie unsere flexiblen Rahmenvertr\u00e4ge f\u00fcr Interim Legal Management f\u00fcr eine langfristige Zusammenarbeit","og_url":"http:\/\/legal-on-demand.de\/en\/preise\/","og_site_name":"Legal on Demand: Ihre externe Rechtsabteilung","article_modified_time":"2024-03-20T16:05:05+00:00","og_image":[{"url":"http:\/\/legal-on-demand.de\/wp-content\/uploads\/elementor\/thumbs\/iStock-1336009302-1-1-scaled-ql5au5eeetce729onnszm20k1e85y1n3sa5uhxqs00.jpg","type":"","width":"","height":""}],"twitter_card":"summary_large_image","twitter_misc":{"Est. reading time":"1 minute"},"schema":{"@context":"https:\/\/schema.org","@graph":[{"@type":"WebPage","@id":"http:\/\/legal-on-demand.de\/preise\/","url":"http:\/\/legal-on-demand.de\/preise\/","name":"Preise - Legal on Demand: Ihre externe Rechtsabteilung","isPartOf":{"@id":"https:\/\/legal-on-demand.de\/#website"},"primaryImageOfPage":{"@id":"http:\/\/legal-on-demand.de\/preise\/#primaryimage"},"image":{"@id":"http:\/\/legal-on-demand.de\/preise\/#primaryimage"},"thumbnailUrl":"http:\/\/legal-on-demand.de\/wp-content\/uploads\/elementor\/thumbs\/iStock-1336009302-1-1-scaled-ql5au5eeetce729onnszm20k1e85y1n3sa5uhxqs00.jpg","datePublished":"2018-11-26T12:46:25+00:00","dateModified":"2024-03-20T16:05:05+00:00","description":"Erfahren Sie mehr \u00fcber unsere kosteneffizienten Legal-Interim-L\u00f6sung zum Festpreis. Mit einem fairen Tagessatz profitieren Sie von erfahrenen Ansprechpartnern mit IT-Branchenkenntnissen, der Ihre individuellen Bed\u00fcrfnisse schnell versteht und umsetzt. Entdecken Sie unsere flexiblen Rahmenvertr\u00e4ge f\u00fcr Interim Legal Management f\u00fcr eine langfristige Zusammenarbeit","breadcrumb":{"@id":"http:\/\/legal-on-demand.de\/preise\/#breadcrumb"},"inLanguage":"en-US","potentialAction":[{"@type":"ReadAction","target":["http:\/\/legal-on-demand.de\/preise\/"]}]},{"@type":"ImageObject","inLanguage":"en-US","@id":"http:\/\/legal-on-demand.de\/preise\/#primaryimage","url":"http:\/\/legal-on-demand.de\/wp-content\/uploads\/elementor\/thumbs\/iStock-1336009302-1-1-scaled-ql5au5eeetce729onnszm20k1e85y1n3sa5uhxqs00.jpg","contentUrl":"http:\/\/legal-on-demand.de\/wp-content\/uploads\/elementor\/thumbs\/iStock-1336009302-1-1-scaled-ql5au5eeetce729onnszm20k1e85y1n3sa5uhxqs00.jpg"},{"@type":"BreadcrumbList","@id":"http:\/\/legal-on-demand.de\/preise\/#breadcrumb","itemListElement":[{"@type":"ListItem","position":1,"name":"Startseite","item":"https:\/\/legal-on-demand.de\/"},{"@type":"ListItem","position":2,"name":"Preise"}]},{"@type":"WebSite","@id":"https:\/\/legal-on-demand.de\/#website","url":"https:\/\/legal-on-demand.de\/","name":"Legal on Demand: Ihre externe Rechtsabteilung","description":"Legal on Demand bietet ma\u00dfgeschneiderte Rechtsberatung zum Festpreis. Lassen Sie sich beraten!","publisher":{"@id":"https:\/\/legal-on-demand.de\/#organization"},"potentialAction":[{"@type":"SearchAction","target":{"@type":"EntryPoint","urlTemplate":"https:\/\/legal-on-demand.de\/?s={search_term_string}"},"query-input":{"@type":"PropertyValueSpecification","valueRequired":true,"valueName":"search_term_string"}}],"inLanguage":"en-US"},{"@type":"Organization","@id":"https:\/\/legal-on-demand.de\/#organization","name":"Legal on Demand: Ihre externe Rechtsabteilung","url":"https:\/\/legal-on-demand.de\/","logo":{"@type":"ImageObject","inLanguage":"en-US","@id":"https:\/\/legal-on-demand.de\/#\/schema\/logo\/image\/","url":"http:\/\/legal-on-demand.de\/wp-content\/uploads\/2024\/03\/Black-on-White.png","contentUrl":"http:\/\/legal-on-demand.de\/wp-content\/uploads\/2024\/03\/Black-on-White.png","width":3000,"height":3000,"caption":"Legal on Demand: Ihre externe Rechtsabteilung"},"image":{"@id":"https:\/\/legal-on-demand.de\/#\/schema\/logo\/image\/"},"sameAs":["https:\/\/www.linkedin.com\/company\/legal-on-demand\/"]}]}},"uagb_featured_image_src":{"full":false,"thumbnail":false,"medium":false,"medium_large":false,"large":false,"1536x1536":false,"2048x2048":false,"trp-custom-language-flag":false},"uagb_author_info":{"display_name":"781140","author_link":"https:\/\/legal-on-demand.de\/en\/author\/781140\/"},"uagb_comment_info":0,"uagb_excerpt":"Preise Unsere Preise \u2013 fair, transparent, planbar. Legal Services zum FESTPREIS: EUR 1.330\u00a0 \u00a0 \u00a0 TAGESSATZ:\u00a0 \u00a0 \u00a0 Unser generelles Kosten-Leistungsmodell beruht auf einer mittel- bzw. langfristigen Zusammenarbeit. So k\u00f6nnen wir Ihnen g\u00fcnstige Tagess\u00e4tze f\u00fcr unsere Services anbieten. Sie haben so dauerhaft einen Ansprechpartner mit Seniorit\u00e4tslevel, der sofort bei Ihnen starten kann. Gleichzeitig hat der&hellip;","_links":{"self":[{"href":"https:\/\/legal-on-demand.de\/en\/wp-json\/wp\/v2\/pages\/548","targetHints":{"allow":["GET"]}}],"collection":[{"href":"https:\/\/legal-on-demand.de\/en\/wp-json\/wp\/v2\/pages"}],"about":[{"href":"https:\/\/legal-on-demand.de\/en\/wp-json\/wp\/v2\/types\/page"}],"author":[{"embeddable":true,"href":"https:\/\/legal-on-demand.de\/en\/wp-json\/wp\/v2\/users\/1"}],"replies":[{"embeddable":true,"href":"https:\/\/legal-on-demand.de\/en\/wp-json\/wp\/v2\/comments?post=548"}],"version-history":[{"count":10,"href":"https:\/\/legal-on-demand.de\/en\/wp-json\/wp\/v2\/pages\/548\/revisions"}],"predecessor-version":[{"id":3606,"href":"https:\/\/legal-on-demand.de\/en\/wp-json\/wp\/v2\/pages\/548\/revisions\/3606"}],"wp:attachment":[{"href":"https:\/\/legal-on-demand.de\/en\/wp-json\/wp\/v2\/media?parent=548"}],"curies":[{"name":"wp","href":"https:\/\/api.w.org\/{rel}","templated":true}]}}