{"id":550,"date":"2018-11-26T12:47:06","date_gmt":"2018-11-26T12:47:06","guid":{"rendered":"http:\/\/legal-on-demand.de\/contact\/"},"modified":"2024-03-30T11:11:11","modified_gmt":"2024-03-30T10:11:11","slug":"kontakt","status":"publish","type":"page","link":"https:\/\/legal-on-demand.de\/en\/kontakt\/","title":{"rendered":"Kontakt"},"content":{"rendered":"<div data-elementor-type=\"wp-post\" data-elementor-id=\"550\" class=\"elementor elementor-550\">\n\t\t\t\t<div class=\"elementor-element elementor-element-564ceda e-flex e-con-boxed e-con e-parent\" data-id=\"564ceda\" data-element_type=\"container\" data-e-type=\"container\" data-settings=\"{&quot;background_background&quot;:&quot;classic&quot;}\">\n\t\t\t\t\t<div class=\"e-con-inner\">\n\t\t<div class=\"elementor-element elementor-element-b7201f1 e-con-full e-flex e-con e-child\" data-id=\"b7201f1\" data-element_type=\"container\" data-e-type=\"container\">\n\t\t\t\t<div class=\"elementor-element elementor-element-a3b2fe8 elementor-widget elementor-widget-heading\" data-id=\"a3b2fe8\" data-element_type=\"widget\" data-e-type=\"widget\" data-widget_type=\"heading.default\">\n\t\t\t\t<div class=\"elementor-widget-container\">\n\t\t\t\t\t<h1 class=\"elementor-heading-title elementor-size-default\"><br><br><br>Kontaktieren Sie uns<\/h1>\t\t\t\t<\/div>\n\t\t\t\t<\/div>\n\t\t\t\t<\/div>\n\t\t\t\t\t<\/div>\n\t\t\t\t<\/div>\n\t\t<div class=\"elementor-element elementor-element-67b07c2 e-con-full e-flex e-con e-parent\" data-id=\"67b07c2\" data-element_type=\"container\" data-e-type=\"container\" data-settings=\"{&quot;background_background&quot;:&quot;video&quot;}\">\n\t\t<div class=\"elementor-element elementor-element-363a45a e-con-full e-flex e-con e-child\" data-id=\"363a45a\" data-element_type=\"container\" data-e-type=\"container\" data-settings=\"{&quot;background_background&quot;:&quot;video&quot;}\">\n\t\t\t\t<div class=\"elementor-element elementor-element-b505b61 elementor-widget elementor-widget-text-editor\" data-id=\"b505b61\" data-element_type=\"widget\" data-e-type=\"widget\" data-widget_type=\"text-editor.default\">\n\t\t\t\t<div class=\"elementor-widget-container\">\n\t\t\t\t\t\t\t\t\t<p><b>Kontaktieren Sie uns!<\/b><\/p>\t\t\t\t\t\t\t\t<\/div>\n\t\t\t\t<\/div>\n\t\t\t\t<div class=\"elementor-element elementor-element-d68869a elementor-widget elementor-widget-text-editor\" data-id=\"d68869a\" data-element_type=\"widget\" data-e-type=\"widget\" data-widget_type=\"text-editor.default\">\n\t\t\t\t<div class=\"elementor-widget-container\">\n\t\t\t\t\t\t\t\t\t<p>Sind Sie interessiert an unseren Serviceleistungen?<\/p>\n<p>K\u00f6nnen Sie sich vorstellen, als Experte unserem Netzwerk beizutreten?&nbsp;<\/p>\n<p>Dann schreiben Sie uns doch gerne unverbindlich eine Nachricht, oder rufen Sie uns an. Gerne vereinbaren wir mit Ihnen ein erstes Informationsgespr\u00e4ch.<\/p>\t\t\t\t\t\t\t\t<\/div>\n\t\t\t\t<\/div>\n\t\t\t\t<\/div>\n\t\t<div class=\"elementor-element elementor-element-9b85b56 e-con-full e-flex e-con e-child\" data-id=\"9b85b56\" data-element_type=\"container\" data-e-type=\"container\">\n\t\t\t\t<div class=\"elementor-element elementor-element-37451a4 elementor-widget elementor-widget-shortcode\" data-id=\"37451a4\" data-element_type=\"widget\" data-e-type=\"widget\" data-widget_type=\"shortcode.default\">\n\t\t\t\t<div class=\"elementor-widget-container\">\n\t\t\t\t\t\t\t<div class=\"elementor-shortcode\">\n<div class=\"wpcf7 no-js\" id=\"wpcf7-f2667-o1\" lang=\"de-DE\" dir=\"ltr\" data-wpcf7-id=\"2667\">\n<div class=\"screen-reader-response\"><p role=\"status\" aria-live=\"polite\" aria-atomic=\"true\"><\/p> <ul><\/ul><\/div>\n<form action=\"\/en\/wp-json\/wp\/v2\/pages\/550#wpcf7-f2667-o1\" method=\"post\" class=\"wpcf7-form init wpcf7-acceptance-as-validation\" aria-label=\"Kontaktformular\" novalidate=\"novalidate\" data-status=\"init\" data-trp-original-action=\"\/en\/wp-json\/wp\/v2\/pages\/550#wpcf7-f2667-o1\">\n<fieldset class=\"hidden-fields-container\"><input type=\"hidden\" name=\"_wpcf7\" value=\"2667\" \/><input type=\"hidden\" name=\"_wpcf7_version\" value=\"6.1.5\" \/><input type=\"hidden\" name=\"_wpcf7_locale\" value=\"de_DE\" \/><input type=\"hidden\" name=\"_wpcf7_unit_tag\" value=\"wpcf7-f2667-o1\" \/><input type=\"hidden\" name=\"_wpcf7_container_post\" value=\"0\" \/><input type=\"hidden\" name=\"_wpcf7_posted_data_hash\" value=\"\" \/><input type=\"hidden\" name=\"_wpcf7_recaptcha_response\" value=\"\" \/>\n<\/fieldset>\n<p><label> Ihr Name<br \/>\n<span class=\"wpcf7-form-control-wrap\" data-name=\"your-name\"><input size=\"40\" maxlength=\"400\" class=\"wpcf7-form-control wpcf7-text wpcf7-validates-as-required\" autocomplete=\"name\" aria-required=\"true\" aria-invalid=\"false\" value=\"\" type=\"text\" name=\"your-name\" \/><\/span> <\/label>\n<\/p>\n<p><label> Ihre E-Mail-Adresse<br \/>\n<span class=\"wpcf7-form-control-wrap\" data-name=\"your-email\"><input size=\"40\" maxlength=\"400\" class=\"wpcf7-form-control wpcf7-email wpcf7-validates-as-required wpcf7-text wpcf7-validates-as-email\" autocomplete=\"email\" aria-required=\"true\" aria-invalid=\"false\" value=\"\" type=\"email\" name=\"your-email\" \/><\/span> <\/label>\n<\/p>\n<p><label> Ihre Telefonnummer (optional)<br \/>\n<span class=\"wpcf7-form-control-wrap\" data-name=\"IhreTelefonnummer\"><input size=\"40\" maxlength=\"400\" class=\"wpcf7-form-control wpcf7-tel wpcf7-text wpcf7-validates-as-tel\" aria-invalid=\"false\" value=\"\" type=\"tel\" name=\"IhreTelefonnummer\" \/><\/span><\/label>\n<\/p>\n<p><label> Ihr Unternehmen (optional)<br \/>\n<span class=\"wpcf7-form-control-wrap\" data-name=\"your-company\"><input size=\"40\" maxlength=\"400\" class=\"wpcf7-form-control wpcf7-text\" aria-invalid=\"false\" value=\"\" type=\"text\" name=\"your-company\" \/><\/span> <\/label>\n<\/p>\n<p><label> Ihr Anliegen<br \/>\n<span class=\"wpcf7-form-control-wrap\" data-name=\"IhrAnliegen\"><select class=\"wpcf7-form-control wpcf7-select wpcf7-validates-as-required\" aria-required=\"true\" aria-invalid=\"false\" name=\"IhrAnliegen\"><option value=\"Serviceanfrage\">Serviceanfrage<\/option><option value=\"Bewerberanfrage\">Bewerberanfrage<\/option><option value=\"Sonstige Anfragen\">Sonstige Anfragen<\/option><\/select><\/span><\/label>\n<\/p>\n<p><label> Ihre Nachricht<br \/>\n<span class=\"wpcf7-form-control-wrap\" data-name=\"your-message\"><textarea cols=\"40\" rows=\"10\" maxlength=\"2000\" class=\"wpcf7-form-control wpcf7-textarea wpcf7-validates-as-required\" aria-required=\"true\" aria-invalid=\"false\" name=\"your-message\"><\/textarea><\/span> <\/label>\n<\/p>\n<p><span class=\"wpcf7-form-control-wrap\" data-name=\"Datenschutzerklrung\"><span class=\"wpcf7-form-control wpcf7-acceptance\"><span class=\"wpcf7-list-item\"><label><input type=\"checkbox\" name=\"Datenschutzerklrung\" value=\"1\" aria-invalid=\"false\" \/><span class=\"wpcf7-list-item-label\">Ich stimme der <a href=\"http:\/\/legal-on-demand.de\/en\/datenschutz\/\">Datenschutzbestimmung<\/a> zu.<\/span><\/label><\/span><\/span><\/span>\n<\/p>\n\n<p><input class=\"wpcf7-form-control wpcf7-submit has-spinner\" type=\"submit\" value=\"Senden\" \/>\n<\/p><div class=\"wpcf7-response-output\" aria-hidden=\"true\"><\/div>\n<input type=\"hidden\" name=\"trp-form-language\" value=\"en\"\/><\/form>\n<\/div>\n<\/div>\n\t\t\t\t\t\t<\/div>\n\t\t\t\t<\/div>\n\t\t\t\t<\/div>\n\t\t\t\t<\/div>\n\t\t<div class=\"elementor-element elementor-element-a434168 e-flex e-con-boxed e-con e-parent\" data-id=\"a434168\" data-element_type=\"container\" data-e-type=\"container\">\n\t\t\t\t\t<div class=\"e-con-inner\">\n\t\t\t\t\t<\/div>\n\t\t\t\t<\/div>\n\t\t\t\t<\/div>","protected":false},"excerpt":{"rendered":"<p>Kontaktieren Sie uns Kontaktieren Sie uns! Sind Sie interessiert an unseren Serviceleistungen? K\u00f6nnen Sie sich vorstellen, als Experte unserem Netzwerk beizutreten?&nbsp; Dann schreiben Sie uns doch gerne unverbindlich eine Nachricht, oder rufen Sie uns an. Gerne vereinbaren wir mit Ihnen ein erstes Informationsgespr\u00e4ch.<\/p>","protected":false},"author":1,"featured_media":0,"parent":0,"menu_order":0,"comment_status":"closed","ping_status":"closed","template":"","meta":{"_uag_custom_page_level_css":"","site-sidebar-layout":"no-sidebar","site-content-layout":"page-builder","ast-site-content-layout":"full-width-container","site-content-style":"unboxed","site-sidebar-style":"unboxed","ast-global-header-display":"","ast-banner-title-visibility":"","ast-main-header-display":"","ast-hfb-above-header-display":"","ast-hfb-below-header-display":"","ast-hfb-mobile-header-display":"","site-post-title":"disabled","ast-breadcrumbs-content":"","ast-featured-img":"disabled","footer-sml-layout":"","theme-transparent-header-meta":"enabled","adv-header-id-meta":"","stick-header-meta":"","header-above-stick-meta":"","header-main-stick-meta":"","header-below-stick-meta":"","astra-migrate-meta-layouts":"set","ast-page-background-enabled":"default","ast-page-background-meta":{"desktop":{"background-color":"","background-image":"","background-repeat":"repeat","background-position":"center center","background-size":"auto","background-attachment":"scroll","background-type":"","background-media":"","overlay-type":"","overlay-color":"","overlay-gradient":""},"tablet":{"background-color":"","background-image":"","background-repeat":"repeat","background-position":"center center","background-size":"auto","background-attachment":"scroll","background-type":"","background-media":"","overlay-type":"","overlay-color":"","overlay-gradient":""},"mobile":{"background-color":"","background-image":"","background-repeat":"repeat","background-position":"center center","background-size":"auto","background-attachment":"scroll","background-type":"","background-media":"","overlay-type":"","overlay-color":"","overlay-gradient":""}},"ast-content-background-meta":{"desktop":{"background-color":"var(--ast-global-color-5)","background-image":"","background-repeat":"repeat","background-position":"center center","background-size":"auto","background-attachment":"scroll","background-type":"","background-media":"","overlay-type":"","overlay-color":"","overlay-gradient":""},"tablet":{"background-color":"var(--ast-global-color-5)","background-image":"","background-repeat":"repeat","background-position":"center center","background-size":"auto","background-attachment":"scroll","background-type":"","background-media":"","overlay-type":"","overlay-color":"","overlay-gradient":""},"mobile":{"background-color":"var(--ast-global-color-5)","background-image":"","background-repeat":"repeat","background-position":"center center","background-size":"auto","background-attachment":"scroll","background-type":"","background-media":"","overlay-type":"","overlay-color":"","overlay-gradient":""}},"footnotes":""},"class_list":["post-550","page","type-page","status-publish","hentry"],"yoast_head":"<!-- This site is optimized with the Yoast SEO plugin v27.5 - https:\/\/yoast.com\/product\/yoast-seo-wordpress\/ -->\n<title>Kontakt - Legal on Demand: Ihre externe Rechtsabteilung<\/title>\n<meta name=\"description\" content=\"Melden Sie sich noch heute, wenn Sie rechtliche Unterst\u00fctzung bei Ihrer regelm\u00e4\u00dfigen Vertragspr\u00fcfungen ben\u00f6tigen. Wir unterst\u00fctzen Ihren Vertrieb, Einkauf und Ihre Entwicklungsabteilung. Gleichzeitig freuen wir uns \u00fcber interessierte Inhouse Counsel, die mit uns arbeiten wollen.\" \/>\n<meta name=\"robots\" content=\"index, follow, max-snippet:-1, max-image-preview:large, max-video-preview:-1\" \/>\n<link rel=\"canonical\" href=\"http:\/\/legal-on-demand.de\/en\/kontakt\/\" \/>\n<meta property=\"og:locale\" content=\"en_US\" \/>\n<meta property=\"og:type\" content=\"article\" \/>\n<meta property=\"og:title\" content=\"Kontakt - Legal on Demand: Ihre externe Rechtsabteilung\" \/>\n<meta property=\"og:description\" content=\"Melden Sie sich noch heute, wenn Sie rechtliche Unterst\u00fctzung bei Ihrer regelm\u00e4\u00dfigen Vertragspr\u00fcfungen ben\u00f6tigen. Wir unterst\u00fctzen Ihren Vertrieb, Einkauf und Ihre Entwicklungsabteilung. Gleichzeitig freuen wir uns \u00fcber interessierte Inhouse Counsel, die mit uns arbeiten wollen.\" \/>\n<meta property=\"og:url\" content=\"http:\/\/legal-on-demand.de\/en\/kontakt\/\" \/>\n<meta property=\"og:site_name\" content=\"Legal on Demand: Ihre externe Rechtsabteilung\" \/>\n<meta property=\"article:modified_time\" content=\"2024-03-30T10:11:11+00:00\" \/>\n<meta name=\"twitter:card\" content=\"summary_large_image\" \/>\n<meta name=\"twitter:label1\" content=\"Est. reading time\" \/>\n\t<meta name=\"twitter:data1\" content=\"1 minute\" \/>\n<script type=\"application\/ld+json\" class=\"yoast-schema-graph\">{\"@context\":\"https:\\\/\\\/schema.org\",\"@graph\":[{\"@type\":\"WebPage\",\"@id\":\"http:\\\/\\\/legal-on-demand.de\\\/kontakt\\\/\",\"url\":\"http:\\\/\\\/legal-on-demand.de\\\/kontakt\\\/\",\"name\":\"Kontakt - Legal on Demand: Ihre externe Rechtsabteilung\",\"isPartOf\":{\"@id\":\"https:\\\/\\\/legal-on-demand.de\\\/#website\"},\"datePublished\":\"2018-11-26T12:47:06+00:00\",\"dateModified\":\"2024-03-30T10:11:11+00:00\",\"description\":\"Melden Sie sich noch heute, wenn Sie rechtliche Unterst\u00fctzung bei Ihrer regelm\u00e4\u00dfigen Vertragspr\u00fcfungen ben\u00f6tigen. Wir unterst\u00fctzen Ihren Vertrieb, Einkauf und Ihre Entwicklungsabteilung. Gleichzeitig freuen wir uns \u00fcber interessierte Inhouse Counsel, die mit uns arbeiten wollen.\",\"breadcrumb\":{\"@id\":\"http:\\\/\\\/legal-on-demand.de\\\/kontakt\\\/#breadcrumb\"},\"inLanguage\":\"en-US\",\"potentialAction\":[{\"@type\":\"ReadAction\",\"target\":[\"http:\\\/\\\/legal-on-demand.de\\\/kontakt\\\/\"]}]},{\"@type\":\"BreadcrumbList\",\"@id\":\"http:\\\/\\\/legal-on-demand.de\\\/kontakt\\\/#breadcrumb\",\"itemListElement\":[{\"@type\":\"ListItem\",\"position\":1,\"name\":\"Startseite\",\"item\":\"https:\\\/\\\/legal-on-demand.de\\\/\"},{\"@type\":\"ListItem\",\"position\":2,\"name\":\"Kontakt\"}]},{\"@type\":\"WebSite\",\"@id\":\"https:\\\/\\\/legal-on-demand.de\\\/#website\",\"url\":\"https:\\\/\\\/legal-on-demand.de\\\/\",\"name\":\"Legal on Demand: Ihre externe Rechtsabteilung\",\"description\":\"Legal on Demand bietet ma\u00dfgeschneiderte Rechtsberatung zum Festpreis. Lassen Sie sich beraten!\",\"publisher\":{\"@id\":\"https:\\\/\\\/legal-on-demand.de\\\/#organization\"},\"potentialAction\":[{\"@type\":\"SearchAction\",\"target\":{\"@type\":\"EntryPoint\",\"urlTemplate\":\"https:\\\/\\\/legal-on-demand.de\\\/?s={search_term_string}\"},\"query-input\":{\"@type\":\"PropertyValueSpecification\",\"valueRequired\":true,\"valueName\":\"search_term_string\"}}],\"inLanguage\":\"en-US\"},{\"@type\":\"Organization\",\"@id\":\"https:\\\/\\\/legal-on-demand.de\\\/#organization\",\"name\":\"Legal on Demand: Ihre externe Rechtsabteilung\",\"url\":\"https:\\\/\\\/legal-on-demand.de\\\/\",\"logo\":{\"@type\":\"ImageObject\",\"inLanguage\":\"en-US\",\"@id\":\"https:\\\/\\\/legal-on-demand.de\\\/#\\\/schema\\\/logo\\\/image\\\/\",\"url\":\"http:\\\/\\\/legal-on-demand.de\\\/wp-content\\\/uploads\\\/2024\\\/03\\\/Black-on-White.png\",\"contentUrl\":\"http:\\\/\\\/legal-on-demand.de\\\/wp-content\\\/uploads\\\/2024\\\/03\\\/Black-on-White.png\",\"width\":3000,\"height\":3000,\"caption\":\"Legal on Demand: Ihre externe Rechtsabteilung\"},\"image\":{\"@id\":\"https:\\\/\\\/legal-on-demand.de\\\/#\\\/schema\\\/logo\\\/image\\\/\"},\"sameAs\":[\"https:\\\/\\\/www.linkedin.com\\\/company\\\/legal-on-demand\\\/\"]}]}<\/script>\n<!-- \/ Yoast SEO plugin. -->","yoast_head_json":{"title":"Kontakt - Legal on Demand: Ihre externe Rechtsabteilung","description":"Melden Sie sich noch heute, wenn Sie rechtliche Unterst\u00fctzung bei Ihrer regelm\u00e4\u00dfigen Vertragspr\u00fcfungen ben\u00f6tigen. Wir unterst\u00fctzen Ihren Vertrieb, Einkauf und Ihre Entwicklungsabteilung. Gleichzeitig freuen wir uns \u00fcber interessierte Inhouse Counsel, die mit uns arbeiten wollen.","robots":{"index":"index","follow":"follow","max-snippet":"max-snippet:-1","max-image-preview":"max-image-preview:large","max-video-preview":"max-video-preview:-1"},"canonical":"http:\/\/legal-on-demand.de\/en\/kontakt\/","og_locale":"en_US","og_type":"article","og_title":"Kontakt - Legal on Demand: Ihre externe Rechtsabteilung","og_description":"Melden Sie sich noch heute, wenn Sie rechtliche Unterst\u00fctzung bei Ihrer regelm\u00e4\u00dfigen Vertragspr\u00fcfungen ben\u00f6tigen. Wir unterst\u00fctzen Ihren Vertrieb, Einkauf und Ihre Entwicklungsabteilung. Gleichzeitig freuen wir uns \u00fcber interessierte Inhouse Counsel, die mit uns arbeiten wollen.","og_url":"http:\/\/legal-on-demand.de\/en\/kontakt\/","og_site_name":"Legal on Demand: Ihre externe Rechtsabteilung","article_modified_time":"2024-03-30T10:11:11+00:00","twitter_card":"summary_large_image","twitter_misc":{"Est. reading time":"1 minute"},"schema":{"@context":"https:\/\/schema.org","@graph":[{"@type":"WebPage","@id":"http:\/\/legal-on-demand.de\/kontakt\/","url":"http:\/\/legal-on-demand.de\/kontakt\/","name":"Kontakt - Legal on Demand: Ihre externe Rechtsabteilung","isPartOf":{"@id":"https:\/\/legal-on-demand.de\/#website"},"datePublished":"2018-11-26T12:47:06+00:00","dateModified":"2024-03-30T10:11:11+00:00","description":"Melden Sie sich noch heute, wenn Sie rechtliche Unterst\u00fctzung bei Ihrer regelm\u00e4\u00dfigen Vertragspr\u00fcfungen ben\u00f6tigen. Wir unterst\u00fctzen Ihren Vertrieb, Einkauf und Ihre Entwicklungsabteilung. Gleichzeitig freuen wir uns \u00fcber interessierte Inhouse Counsel, die mit uns arbeiten wollen.","breadcrumb":{"@id":"http:\/\/legal-on-demand.de\/kontakt\/#breadcrumb"},"inLanguage":"en-US","potentialAction":[{"@type":"ReadAction","target":["http:\/\/legal-on-demand.de\/kontakt\/"]}]},{"@type":"BreadcrumbList","@id":"http:\/\/legal-on-demand.de\/kontakt\/#breadcrumb","itemListElement":[{"@type":"ListItem","position":1,"name":"Startseite","item":"https:\/\/legal-on-demand.de\/"},{"@type":"ListItem","position":2,"name":"Kontakt"}]},{"@type":"WebSite","@id":"https:\/\/legal-on-demand.de\/#website","url":"https:\/\/legal-on-demand.de\/","name":"Legal on Demand: Ihre externe Rechtsabteilung","description":"Legal on Demand bietet ma\u00dfgeschneiderte Rechtsberatung zum Festpreis. Lassen Sie sich beraten!","publisher":{"@id":"https:\/\/legal-on-demand.de\/#organization"},"potentialAction":[{"@type":"SearchAction","target":{"@type":"EntryPoint","urlTemplate":"https:\/\/legal-on-demand.de\/?s={search_term_string}"},"query-input":{"@type":"PropertyValueSpecification","valueRequired":true,"valueName":"search_term_string"}}],"inLanguage":"en-US"},{"@type":"Organization","@id":"https:\/\/legal-on-demand.de\/#organization","name":"Legal on Demand: Ihre externe Rechtsabteilung","url":"https:\/\/legal-on-demand.de\/","logo":{"@type":"ImageObject","inLanguage":"en-US","@id":"https:\/\/legal-on-demand.de\/#\/schema\/logo\/image\/","url":"http:\/\/legal-on-demand.de\/wp-content\/uploads\/2024\/03\/Black-on-White.png","contentUrl":"http:\/\/legal-on-demand.de\/wp-content\/uploads\/2024\/03\/Black-on-White.png","width":3000,"height":3000,"caption":"Legal on Demand: Ihre externe Rechtsabteilung"},"image":{"@id":"https:\/\/legal-on-demand.de\/#\/schema\/logo\/image\/"},"sameAs":["https:\/\/www.linkedin.com\/company\/legal-on-demand\/"]}]}},"uagb_featured_image_src":{"full":false,"thumbnail":false,"medium":false,"medium_large":false,"large":false,"1536x1536":false,"2048x2048":false,"trp-custom-language-flag":false},"uagb_author_info":{"display_name":"781140","author_link":"https:\/\/legal-on-demand.de\/en\/author\/781140\/"},"uagb_comment_info":0,"uagb_excerpt":"Kontaktieren Sie uns Kontaktieren Sie uns! Sind Sie interessiert an unseren Serviceleistungen? K\u00f6nnen Sie sich vorstellen, als Experte unserem Netzwerk beizutreten?&nbsp; Dann schreiben Sie uns doch gerne unverbindlich eine Nachricht, oder rufen Sie uns an. Gerne vereinbaren wir mit Ihnen ein erstes Informationsgespr\u00e4ch.","_links":{"self":[{"href":"https:\/\/legal-on-demand.de\/en\/wp-json\/wp\/v2\/pages\/550","targetHints":{"allow":["GET"]}}],"collection":[{"href":"https:\/\/legal-on-demand.de\/en\/wp-json\/wp\/v2\/pages"}],"about":[{"href":"https:\/\/legal-on-demand.de\/en\/wp-json\/wp\/v2\/types\/page"}],"author":[{"embeddable":true,"href":"https:\/\/legal-on-demand.de\/en\/wp-json\/wp\/v2\/users\/1"}],"replies":[{"embeddable":true,"href":"https:\/\/legal-on-demand.de\/en\/wp-json\/wp\/v2\/comments?post=550"}],"version-history":[{"count":10,"href":"https:\/\/legal-on-demand.de\/en\/wp-json\/wp\/v2\/pages\/550\/revisions"}],"predecessor-version":[{"id":3637,"href":"https:\/\/legal-on-demand.de\/en\/wp-json\/wp\/v2\/pages\/550\/revisions\/3637"}],"wp:attachment":[{"href":"https:\/\/legal-on-demand.de\/en\/wp-json\/wp\/v2\/media?parent=550"}],"curies":[{"name":"wp","href":"https:\/\/api.w.org\/{rel}","templated":true}]}}